{"id":98,"date":"2020-06-15T10:43:10","date_gmt":"2020-06-15T10:43:10","guid":{"rendered":"http:\/\/gsv-merken-hoven.de\/?page_id=98"},"modified":"2023-06-02T15:48:36","modified_gmt":"2023-06-02T15:48:36","slug":"foerderverein","status":"publish","type":"page","link":"https:\/\/gsv-merken-hoven.de\/index.php\/foerderverein\/","title":{"rendered":"F\u00f6rderverein"},"content":{"rendered":"\t\t<div data-elementor-type=\"wp-page\" data-elementor-id=\"98\" class=\"elementor elementor-98\">\n\t\t\t\t\t\t<div class=\"elementor-inner\">\n\t\t\t\t<div class=\"elementor-section-wrap\">\n\t\t\t\t\t\t\t\t\t<section class=\"elementor-section elementor-top-section elementor-element elementor-element-bfa4088 elementor-section-full_width elementor-section-height-default elementor-section-height-default\" data-id=\"bfa4088\" data-element_type=\"section\">\n\t\t\t\t\t\t<div class=\"elementor-container elementor-column-gap-no\">\n\t\t\t\t\t\t\t<div class=\"elementor-row\">\n\t\t\t\t\t<div class=\"elementor-column elementor-col-100 elementor-top-column elementor-element elementor-element-2a78da70\" data-id=\"2a78da70\" data-element_type=\"column\">\n\t\t\t<div class=\"elementor-column-wrap elementor-element-populated\">\n\t\t\t\t\t\t\t<div class=\"elementor-widget-wrap\">\n\t\t\t\t\t\t<div class=\"elementor-element elementor-element-64a294a1 elementor-arrows-position-inside elementor-widget elementor-widget-image-carousel\" data-id=\"64a294a1\" data-element_type=\"widget\" data-settings=\"{&quot;navigation&quot;:&quot;arrows&quot;,&quot;slides_to_show&quot;:&quot;1&quot;,&quot;effect&quot;:&quot;fade&quot;,&quot;speed&quot;:1000,&quot;autoplay&quot;:&quot;yes&quot;,&quot;pause_on_hover&quot;:&quot;yes&quot;,&quot;pause_on_interaction&quot;:&quot;yes&quot;,&quot;autoplay_speed&quot;:5000,&quot;infinite&quot;:&quot;yes&quot;}\" data-widget_type=\"image-carousel.default\">\n\t\t\t\t<div class=\"elementor-widget-container\">\n\t\t\t\t\t<div class=\"elementor-image-carousel-wrapper swiper-container\" dir=\"ltr\">\n\t\t\t<div class=\"elementor-image-carousel swiper-wrapper swiper-image-stretch\">\n\t\t\t\t\t\t\t\t<div class=\"swiper-slide\"><figure class=\"swiper-slide-inner\"><img decoding=\"async\" class=\"swiper-slide-image\" src=\"https:\/\/gsv-merken-hoven.de\/wp-content\/uploads\/2020\/06\/slide-1.jpg\" alt=\"slide-1\" \/><\/figure><\/div><div class=\"swiper-slide\"><figure class=\"swiper-slide-inner\"><img decoding=\"async\" class=\"swiper-slide-image\" src=\"https:\/\/gsv-merken-hoven.de\/wp-content\/uploads\/2020\/06\/slide-2.jpg\" alt=\"slide-2\" \/><\/figure><\/div><div class=\"swiper-slide\"><figure class=\"swiper-slide-inner\"><img decoding=\"async\" class=\"swiper-slide-image\" src=\"https:\/\/gsv-merken-hoven.de\/wp-content\/uploads\/2020\/06\/slide-3.jpg\" alt=\"slide-3\" \/><\/figure><\/div>\t\t\t<\/div>\n\t\t\t\t\t\t\t\t\t\t\t\t\t\t\t\t<div class=\"elementor-swiper-button elementor-swiper-button-prev\">\n\t\t\t\t\t\t<i aria-hidden=\"true\" class=\"eicon-chevron-left\"><\/i>\t\t\t\t\t\t<span class=\"elementor-screen-only\">Zur\u00fcck<\/span>\n\t\t\t\t\t<\/div>\n\t\t\t\t\t<div class=\"elementor-swiper-button elementor-swiper-button-next\">\n\t\t\t\t\t\t<i aria-hidden=\"true\" class=\"eicon-chevron-right\"><\/i>\t\t\t\t\t\t<span class=\"elementor-screen-only\">Weiter<\/span>\n\t\t\t\t\t<\/div>\n\t\t\t\t\t\t\t\t\t<\/div>\n\t\t\t\t<\/div>\n\t\t\t\t<\/div>\n\t\t\t\t\t\t<\/div>\n\t\t\t\t\t<\/div>\n\t\t<\/div>\n\t\t\t\t\t\t\t\t<\/div>\n\t\t\t\t\t<\/div>\n\t\t<\/section>\n\t\t\t\t<section class=\"elementor-section elementor-top-section elementor-element elementor-element-b580533 elementor-section-boxed elementor-section-height-default elementor-section-height-default\" data-id=\"b580533\" data-element_type=\"section\">\n\t\t\t\t\t\t<div class=\"elementor-container elementor-column-gap-default\">\n\t\t\t\t\t\t\t<div class=\"elementor-row\">\n\t\t\t\t\t<div class=\"elementor-column elementor-col-100 elementor-top-column elementor-element elementor-element-5094895\" data-id=\"5094895\" data-element_type=\"column\">\n\t\t\t<div class=\"elementor-column-wrap elementor-element-populated\">\n\t\t\t\t\t\t\t<div class=\"elementor-widget-wrap\">\n\t\t\t\t\t\t<div class=\"elementor-element elementor-element-6452120 elementor-widget elementor-widget-heading\" data-id=\"6452120\" data-element_type=\"widget\" data-widget_type=\"heading.default\">\n\t\t\t\t<div class=\"elementor-widget-container\">\n\t\t\t<p class=\"elementor-heading-title elementor-size-default\">Unsere Schule<\/p>\t\t<\/div>\n\t\t\t\t<\/div>\n\t\t\t\t<div class=\"elementor-element elementor-element-33eaa7a elementor-widget elementor-widget-heading\" data-id=\"33eaa7a\" data-element_type=\"widget\" data-widget_type=\"heading.default\">\n\t\t\t\t<div class=\"elementor-widget-container\">\n\t\t\t<h1 class=\"elementor-heading-title elementor-size-default\">F\u00f6rderverein<\/h1>\t\t<\/div>\n\t\t\t\t<\/div>\n\t\t\t\t\t\t<\/div>\n\t\t\t\t\t<\/div>\n\t\t<\/div>\n\t\t\t\t\t\t\t\t<\/div>\n\t\t\t\t\t<\/div>\n\t\t<\/section>\n\t\t\t\t<section class=\"elementor-section elementor-top-section elementor-element elementor-element-a4a0d1d elementor-section-boxed elementor-section-height-default elementor-section-height-default\" data-id=\"a4a0d1d\" data-element_type=\"section\">\n\t\t\t\t\t\t<div class=\"elementor-container elementor-column-gap-default\">\n\t\t\t\t\t\t\t<div class=\"elementor-row\">\n\t\t\t\t\t<div class=\"elementor-column elementor-col-100 elementor-top-column elementor-element elementor-element-af482ad\" data-id=\"af482ad\" data-element_type=\"column\">\n\t\t\t<div class=\"elementor-column-wrap elementor-element-populated\">\n\t\t\t\t\t\t\t<div class=\"elementor-widget-wrap\">\n\t\t\t\t\t\t<div class=\"elementor-element elementor-element-93c04cb elementor-widget elementor-widget-text-editor\" data-id=\"93c04cb\" data-element_type=\"widget\" data-widget_type=\"text-editor.default\">\n\t\t\t\t<div class=\"elementor-widget-container\">\n\t\t\t\t\t\t\t\t<div class=\"elementor-text-editor elementor-clearfix\">\n\t\t\t\t<p>Durch den Zusammenschlu\u00df der beiden Standorte in Merken und Hoven gibt es zwei eigenst\u00e4ndige F\u00f6rdervereine. Diese verstehen ihre F\u00f6rderung ausschlie\u00dflich im Sinne der Kinder. Sie unterst\u00fctzen dabei das t\u00e4gliche Miteinander in, an und um Schule. Sie bem\u00fchen sich, in Zusammenarbeit mit den Lehrkr\u00e4ften all das aufzufangen, was f\u00fcr den t\u00e4glichen Bedarf notwendig ist, jedoch vom Schultr\u00e4ger in Zeiten der Einsparungen nicht immer angeschafft werden kann.<\/p><h3>Die F\u00f6rdervereine unserer Schule stehen f\u00fcr folgende Leistungen:<\/h3><ul><li><span style=\"font-size: 18px; font-style: normal; font-weight: 400;\">Zusch\u00fcsse an alle Sch\u00fclerinnen und Sch\u00fcler f\u00fcr Klassenfahrten<\/span><\/li><li>Anschaffung von Materialien, die der Schultr\u00e4ger nicht stellt<\/li><li>Anschaffung von Musikinstrumenten und elektronischen Medien<\/li><li>F\u00f6rderung des Sports und der Pausenbesch\u00e4ftigung durch Finanzierung von Sport- und Freizeitger\u00e4ten<\/li><li>Mitgestaltung von Schulfesten<\/li><li>Finanzierung und Einrichtung des Betreuungsangebotes<\/li><\/ul><p>Der Mitgliedsbeitrag betr\u00e4gt 12,00 Euro pro Jahr. Freiwillige h\u00f6here Betr\u00e4ge oder Spenden sind nat\u00fcrlich jederzeit willkommen. Die F\u00f6rdervereine sind als gemeinn\u00fctzig anerkannt und stellen auf Wunsch gerne steuerlich absetzbare Spendenbescheinigungen aus.<\/p><p>Es w\u00e4re sch\u00f6n, wenn wir Sie als Mitglied begr\u00fc\u00dfen d\u00fcrften!<\/p>\t\t\t\t\t<\/div>\n\t\t\t\t\t\t<\/div>\n\t\t\t\t<\/div>\n\t\t\t\t\t\t<\/div>\n\t\t\t\t\t<\/div>\n\t\t<\/div>\n\t\t\t\t\t\t\t\t<\/div>\n\t\t\t\t\t<\/div>\n\t\t<\/section>\n\t\t\t\t<section class=\"elementor-section elementor-top-section elementor-element elementor-element-51c34ff elementor-section-boxed elementor-section-height-default elementor-section-height-default\" data-id=\"51c34ff\" data-element_type=\"section\" data-settings=\"{&quot;background_background&quot;:&quot;classic&quot;}\">\n\t\t\t\t\t\t<div class=\"elementor-container elementor-column-gap-default\">\n\t\t\t\t\t\t\t<div class=\"elementor-row\">\n\t\t\t\t\t<div class=\"elementor-column elementor-col-100 elementor-top-column elementor-element elementor-element-f38f95b\" data-id=\"f38f95b\" data-element_type=\"column\">\n\t\t\t<div class=\"elementor-column-wrap elementor-element-populated\">\n\t\t\t\t\t\t\t<div class=\"elementor-widget-wrap\">\n\t\t\t\t\t\t<div class=\"elementor-element elementor-element-271019f elementor-widget elementor-widget-heading\" data-id=\"271019f\" data-element_type=\"widget\" data-widget_type=\"heading.default\">\n\t\t\t\t<div class=\"elementor-widget-container\">\n\t\t\t<h2 class=\"elementor-heading-title elementor-size-default\">Unsere Schule<\/h2>\t\t<\/div>\n\t\t\t\t<\/div>\n\t\t\t\t<div class=\"elementor-element elementor-element-fd40141 sub-nav elementor-widget elementor-widget-wp-widget-nav_menu\" data-id=\"fd40141\" data-element_type=\"widget\" data-widget_type=\"wp-widget-nav_menu.default\">\n\t\t\t\t<div class=\"elementor-widget-container\">\n\t\t\t<nav class=\"menu-sub-menue-container\" aria-label=\"Men\u00fc\"><ul id=\"menu-sub-menue\" class=\"menu\"><li id=\"menu-item-70\" class=\"menu-item menu-item-type-post_type menu-item-object-page menu-item-70\"><a href=\"https:\/\/gsv-merken-hoven.de\/index.php\/wir-lebe-inklusion\/\" class=\"menu-link\">Wir leben Inklusion<\/a><\/li>\n<li id=\"menu-item-89\" class=\"menu-item menu-item-type-post_type menu-item-object-page menu-item-89\"><a href=\"https:\/\/gsv-merken-hoven.de\/index.php\/team\/\" class=\"menu-link\">Team<\/a><\/li>\n<li id=\"menu-item-90\" class=\"menu-item menu-item-type-post_type menu-item-object-page menu-item-90\"><a href=\"https:\/\/gsv-merken-hoven.de\/index.php\/ags\/\" class=\"menu-link\">AGs<\/a><\/li>\n<li id=\"menu-item-97\" class=\"menu-item menu-item-type-post_type menu-item-object-page menu-item-97\"><a href=\"https:\/\/gsv-merken-hoven.de\/index.php\/eltern-abc\/\" class=\"menu-link\">Eltern-ABC<\/a><\/li>\n<li id=\"menu-item-106\" class=\"menu-item menu-item-type-post_type menu-item-object-page menu-item-106\"><a href=\"https:\/\/gsv-merken-hoven.de\/index.php\/schulsozialarbeit\/\" class=\"menu-link\">Schulsozialarbeit<\/a><\/li>\n<li id=\"menu-item-107\" class=\"menu-item menu-item-type-post_type menu-item-object-page menu-item-107\"><a href=\"https:\/\/gsv-merken-hoven.de\/index.php\/foerderverein\/\" class=\"menu-link\">F\u00f6rderverein<\/a><\/li>\n<\/ul><\/nav>\t\t<\/div>\n\t\t\t\t<\/div>\n\t\t\t\t\t\t<\/div>\n\t\t\t\t\t<\/div>\n\t\t<\/div>\n\t\t\t\t\t\t\t\t<\/div>\n\t\t\t\t\t<\/div>\n\t\t<\/section>\n\t\t\t\t\t\t\t\t\t<\/div>\n\t\t\t<\/div>\n\t\t\t\t\t<\/div>\n\t\t","protected":false},"excerpt":{"rendered":"<p>Zur\u00fcck Weiter Unsere Schule F\u00f6rderverein Durch den Zusammenschlu\u00df der beiden Standorte in Merken und Hoven gibt es zwei eigenst\u00e4ndige F\u00f6rdervereine. Diese verstehen ihre F\u00f6rderung ausschlie\u00dflich im Sinne der Kinder. Sie unterst\u00fctzen dabei das t\u00e4gliche Miteinander in, an und um Schule. Sie bem\u00fchen sich, in Zusammenarbeit mit den Lehrkr\u00e4ften all das aufzufangen, was f\u00fcr den t\u00e4glichen &hellip;<\/p>\n<p class=\"read-more\"> <a class=\"\" href=\"https:\/\/gsv-merken-hoven.de\/index.php\/foerderverein\/\"> <span class=\"screen-reader-text\">F\u00f6rderverein<\/span> Weiterlesen &raquo;<\/a><\/p>\n","protected":false},"author":1,"featured_media":0,"parent":0,"menu_order":0,"comment_status":"closed","ping_status":"closed","template":"","meta":{"footnotes":""},"class_list":["post-98","page","type-page","status-publish","hentry"],"_links":{"self":[{"href":"https:\/\/gsv-merken-hoven.de\/index.php\/wp-json\/wp\/v2\/pages\/98","targetHints":{"allow":["GET"]}}],"collection":[{"href":"https:\/\/gsv-merken-hoven.de\/index.php\/wp-json\/wp\/v2\/pages"}],"about":[{"href":"https:\/\/gsv-merken-hoven.de\/index.php\/wp-json\/wp\/v2\/types\/page"}],"author":[{"embeddable":true,"href":"https:\/\/gsv-merken-hoven.de\/index.php\/wp-json\/wp\/v2\/users\/1"}],"replies":[{"embeddable":true,"href":"https:\/\/gsv-merken-hoven.de\/index.php\/wp-json\/wp\/v2\/comments?post=98"}],"version-history":[{"count":11,"href":"https:\/\/gsv-merken-hoven.de\/index.php\/wp-json\/wp\/v2\/pages\/98\/revisions"}],"predecessor-version":[{"id":888,"href":"https:\/\/gsv-merken-hoven.de\/index.php\/wp-json\/wp\/v2\/pages\/98\/revisions\/888"}],"wp:attachment":[{"href":"https:\/\/gsv-merken-hoven.de\/index.php\/wp-json\/wp\/v2\/media?parent=98"}],"curies":[{"name":"wp","href":"https:\/\/api.w.org\/{rel}","templated":true}]}}