{"id":86,"date":"2020-06-15T10:08:22","date_gmt":"2020-06-15T10:08:22","guid":{"rendered":"http:\/\/gsv-merken-hoven.de\/?page_id=86"},"modified":"2023-11-28T10:12:42","modified_gmt":"2023-11-28T10:12:42","slug":"team","status":"publish","type":"page","link":"https:\/\/gsv-merken-hoven.de\/index.php\/team\/","title":{"rendered":"Team"},"content":{"rendered":"\t\t<div data-elementor-type=\"wp-page\" data-elementor-id=\"86\" class=\"elementor elementor-86\">\n\t\t\t\t\t\t<div class=\"elementor-inner\">\n\t\t\t\t<div class=\"elementor-section-wrap\">\n\t\t\t\t\t\t\t\t\t<section class=\"elementor-section elementor-top-section elementor-element elementor-element-15f14711 elementor-section-full_width elementor-section-height-default elementor-section-height-default\" data-id=\"15f14711\" data-element_type=\"section\">\n\t\t\t\t\t\t<div class=\"elementor-container elementor-column-gap-no\">\n\t\t\t\t\t\t\t<div class=\"elementor-row\">\n\t\t\t\t\t<div class=\"elementor-column elementor-col-100 elementor-top-column elementor-element elementor-element-4c344cdd\" data-id=\"4c344cdd\" data-element_type=\"column\">\n\t\t\t<div class=\"elementor-column-wrap elementor-element-populated\">\n\t\t\t\t\t\t\t<div class=\"elementor-widget-wrap\">\n\t\t\t\t\t\t<div class=\"elementor-element elementor-element-49f3c801 elementor-arrows-position-inside elementor-widget elementor-widget-image-carousel\" data-id=\"49f3c801\" data-element_type=\"widget\" data-settings=\"{&quot;navigation&quot;:&quot;arrows&quot;,&quot;slides_to_show&quot;:&quot;1&quot;,&quot;effect&quot;:&quot;fade&quot;,&quot;speed&quot;:1000,&quot;autoplay&quot;:&quot;yes&quot;,&quot;pause_on_hover&quot;:&quot;yes&quot;,&quot;pause_on_interaction&quot;:&quot;yes&quot;,&quot;autoplay_speed&quot;:5000,&quot;infinite&quot;:&quot;yes&quot;}\" data-widget_type=\"image-carousel.default\">\n\t\t\t\t<div class=\"elementor-widget-container\">\n\t\t\t\t\t<div class=\"elementor-image-carousel-wrapper swiper-container\" dir=\"ltr\">\n\t\t\t<div class=\"elementor-image-carousel swiper-wrapper swiper-image-stretch\">\n\t\t\t\t\t\t\t\t<div class=\"swiper-slide\"><figure class=\"swiper-slide-inner\"><img decoding=\"async\" class=\"swiper-slide-image\" src=\"https:\/\/gsv-merken-hoven.de\/wp-content\/uploads\/2020\/06\/slide-1.jpg\" alt=\"slide-1\" \/><\/figure><\/div><div class=\"swiper-slide\"><figure class=\"swiper-slide-inner\"><img decoding=\"async\" class=\"swiper-slide-image\" src=\"https:\/\/gsv-merken-hoven.de\/wp-content\/uploads\/2020\/06\/slide-3.jpg\" alt=\"slide-3\" \/><\/figure><\/div>\t\t\t<\/div>\n\t\t\t\t\t\t\t\t\t\t\t\t\t\t\t\t<div class=\"elementor-swiper-button elementor-swiper-button-prev\">\n\t\t\t\t\t\t<i aria-hidden=\"true\" class=\"eicon-chevron-left\"><\/i>\t\t\t\t\t\t<span class=\"elementor-screen-only\">Zur\u00fcck<\/span>\n\t\t\t\t\t<\/div>\n\t\t\t\t\t<div class=\"elementor-swiper-button elementor-swiper-button-next\">\n\t\t\t\t\t\t<i aria-hidden=\"true\" class=\"eicon-chevron-right\"><\/i>\t\t\t\t\t\t<span class=\"elementor-screen-only\">Weiter<\/span>\n\t\t\t\t\t<\/div>\n\t\t\t\t\t\t\t\t\t<\/div>\n\t\t\t\t<\/div>\n\t\t\t\t<\/div>\n\t\t\t\t\t\t<\/div>\n\t\t\t\t\t<\/div>\n\t\t<\/div>\n\t\t\t\t\t\t\t\t<\/div>\n\t\t\t\t\t<\/div>\n\t\t<\/section>\n\t\t\t\t<section class=\"elementor-section elementor-top-section elementor-element elementor-element-3f23a5cd elementor-section-boxed elementor-section-height-default elementor-section-height-default\" data-id=\"3f23a5cd\" data-element_type=\"section\">\n\t\t\t\t\t\t<div class=\"elementor-container elementor-column-gap-default\">\n\t\t\t\t\t\t\t<div class=\"elementor-row\">\n\t\t\t\t\t<div class=\"elementor-column elementor-col-100 elementor-top-column elementor-element elementor-element-71dbbcaa\" data-id=\"71dbbcaa\" data-element_type=\"column\" data-settings=\"{&quot;background_background&quot;:&quot;classic&quot;}\">\n\t\t\t<div class=\"elementor-column-wrap elementor-element-populated\">\n\t\t\t\t\t\t\t<div class=\"elementor-widget-wrap\">\n\t\t\t\t\t\t<div class=\"elementor-element elementor-element-233355d9 elementor-widget elementor-widget-heading\" data-id=\"233355d9\" data-element_type=\"widget\" data-widget_type=\"heading.default\">\n\t\t\t\t<div class=\"elementor-widget-container\">\n\t\t\t<p class=\"elementor-heading-title elementor-size-default\">Unsere Schule<\/p>\t\t<\/div>\n\t\t\t\t<\/div>\n\t\t\t\t<div class=\"elementor-element elementor-element-7be2ad43 elementor-widget elementor-widget-heading\" data-id=\"7be2ad43\" data-element_type=\"widget\" data-widget_type=\"heading.default\">\n\t\t\t\t<div class=\"elementor-widget-container\">\n\t\t\t<h1 class=\"elementor-heading-title elementor-size-default\">Team<\/h1>\t\t<\/div>\n\t\t\t\t<\/div>\n\t\t\t\t\t\t<\/div>\n\t\t\t\t\t<\/div>\n\t\t<\/div>\n\t\t\t\t\t\t\t\t<\/div>\n\t\t\t\t\t<\/div>\n\t\t<\/section>\n\t\t\t\t<section class=\"elementor-section elementor-top-section elementor-element elementor-element-a4a0d1d elementor-section-boxed elementor-section-height-default elementor-section-height-default\" data-id=\"a4a0d1d\" data-element_type=\"section\">\n\t\t\t\t\t\t<div class=\"elementor-container elementor-column-gap-default\">\n\t\t\t\t\t\t\t<div class=\"elementor-row\">\n\t\t\t\t\t<div class=\"elementor-column elementor-col-100 elementor-top-column elementor-element elementor-element-af482ad\" data-id=\"af482ad\" data-element_type=\"column\">\n\t\t\t<div class=\"elementor-column-wrap elementor-element-populated\">\n\t\t\t\t\t\t\t<div class=\"elementor-widget-wrap\">\n\t\t\t\t\t\t<div class=\"elementor-element elementor-element-93c04cb elementor-widget elementor-widget-text-editor\" data-id=\"93c04cb\" data-element_type=\"widget\" data-widget_type=\"text-editor.default\">\n\t\t\t\t<div class=\"elementor-widget-container\">\n\t\t\t\t\t\t\t\t<div class=\"elementor-text-editor elementor-clearfix\">\n\t\t\t\t<p>An unserem Grundschulverbund sind derzeit insgesamt 18 Personen t\u00e4tig. Das Team der Schulleitung bildet unsere Rektorin Eva-Maria Rinkens-Seebald gemeinsam mit der Konrektorin Nina Sangkavadana.<\/p><p>Des Weiteren besteht unser Kollegium aus neun Lehrerinnen und einem Lehrer. Unterst\u00fctzt wird das Team der Schuleingangsphase in Merken durch die Sozialp\u00e4dagogische Fachkraft Frau Dick und in den Klassen 3 und 4 von der MPT-Kraft Herrn Hensdiek.<\/p><p>Vervollst\u00e4ndigt wird unser Team durch die drei Sonderp\u00e4dagoginnen Frau M\u00fcller, Frau D\u00fcrbaum-Gast und Frau Puchala.<\/p><p>Zum nichtp\u00e4dagogischen Personal geh\u00f6ren unsere Schulsekret\u00e4rin Frau Bernaciak und unser Hausmeister, Herr Geulen. Zudem betreuen mehrere Integrationshelfer Kinder mit besonderem F\u00f6rderbedarf. Vervollst\u00e4ndigt wird das Team zudem von je einem Schulhund pro Standort.<\/p>\t\t\t\t\t<\/div>\n\t\t\t\t\t\t<\/div>\n\t\t\t\t<\/div>\n\t\t\t\t\t\t<\/div>\n\t\t\t\t\t<\/div>\n\t\t<\/div>\n\t\t\t\t\t\t\t\t<\/div>\n\t\t\t\t\t<\/div>\n\t\t<\/section>\n\t\t\t\t<section class=\"elementor-section elementor-top-section elementor-element elementor-element-51c34ff elementor-section-boxed elementor-section-height-default elementor-section-height-default\" data-id=\"51c34ff\" data-element_type=\"section\">\n\t\t\t\t\t\t\t<div class=\"elementor-background-overlay\"><\/div>\n\t\t\t\t\t\t\t<div class=\"elementor-container elementor-column-gap-default\">\n\t\t\t\t\t\t\t<div class=\"elementor-row\">\n\t\t\t\t\t<div class=\"elementor-column elementor-col-100 elementor-top-column elementor-element elementor-element-f38f95b\" data-id=\"f38f95b\" data-element_type=\"column\">\n\t\t\t<div class=\"elementor-column-wrap elementor-element-populated\">\n\t\t\t\t\t\t\t<div class=\"elementor-widget-wrap\">\n\t\t\t\t\t\t<div class=\"elementor-element elementor-element-271019f elementor-widget elementor-widget-heading\" data-id=\"271019f\" data-element_type=\"widget\" data-widget_type=\"heading.default\">\n\t\t\t\t<div class=\"elementor-widget-container\">\n\t\t\t<h2 class=\"elementor-heading-title elementor-size-default\">Unsere Schule<\/h2>\t\t<\/div>\n\t\t\t\t<\/div>\n\t\t\t\t<div class=\"elementor-element elementor-element-fd40141 sub-nav elementor-widget elementor-widget-wp-widget-nav_menu\" data-id=\"fd40141\" data-element_type=\"widget\" data-widget_type=\"wp-widget-nav_menu.default\">\n\t\t\t\t<div class=\"elementor-widget-container\">\n\t\t\t<nav class=\"menu-sub-menue-container\" aria-label=\"Men\u00fc\"><ul id=\"menu-sub-menue\" class=\"menu\"><li id=\"menu-item-70\" class=\"menu-item menu-item-type-post_type menu-item-object-page menu-item-70\"><a href=\"https:\/\/gsv-merken-hoven.de\/index.php\/wir-lebe-inklusion\/\" class=\"menu-link\">Wir leben Inklusion<\/a><\/li>\n<li id=\"menu-item-89\" class=\"menu-item menu-item-type-post_type menu-item-object-page menu-item-89\"><a href=\"https:\/\/gsv-merken-hoven.de\/index.php\/team\/\" class=\"menu-link\">Team<\/a><\/li>\n<li id=\"menu-item-90\" class=\"menu-item menu-item-type-post_type menu-item-object-page menu-item-90\"><a href=\"https:\/\/gsv-merken-hoven.de\/index.php\/ags\/\" class=\"menu-link\">AGs<\/a><\/li>\n<li id=\"menu-item-97\" class=\"menu-item menu-item-type-post_type menu-item-object-page menu-item-97\"><a href=\"https:\/\/gsv-merken-hoven.de\/index.php\/eltern-abc\/\" class=\"menu-link\">Eltern-ABC<\/a><\/li>\n<li id=\"menu-item-106\" class=\"menu-item menu-item-type-post_type menu-item-object-page menu-item-106\"><a href=\"https:\/\/gsv-merken-hoven.de\/index.php\/schulsozialarbeit\/\" class=\"menu-link\">Schulsozialarbeit<\/a><\/li>\n<li id=\"menu-item-107\" class=\"menu-item menu-item-type-post_type menu-item-object-page menu-item-107\"><a href=\"https:\/\/gsv-merken-hoven.de\/index.php\/foerderverein\/\" class=\"menu-link\">F\u00f6rderverein<\/a><\/li>\n<\/ul><\/nav>\t\t<\/div>\n\t\t\t\t<\/div>\n\t\t\t\t\t\t<\/div>\n\t\t\t\t\t<\/div>\n\t\t<\/div>\n\t\t\t\t\t\t\t\t<\/div>\n\t\t\t\t\t<\/div>\n\t\t<\/section>\n\t\t\t\t\t\t\t\t\t<\/div>\n\t\t\t<\/div>\n\t\t\t\t\t<\/div>\n\t\t","protected":false},"excerpt":{"rendered":"<p>Zur\u00fcck Weiter Unsere Schule Team An unserem Grundschulverbund sind derzeit insgesamt 18 Personen t\u00e4tig. Das Team der Schulleitung bildet unsere Rektorin Eva-Maria Rinkens-Seebald gemeinsam mit der Konrektorin Nina Sangkavadana. Des Weiteren besteht unser Kollegium aus neun Lehrerinnen und einem Lehrer. Unterst\u00fctzt wird das Team der Schuleingangsphase in Merken durch die Sozialp\u00e4dagogische Fachkraft Frau Dick und &hellip;<\/p>\n<p class=\"read-more\"> <a class=\"\" href=\"https:\/\/gsv-merken-hoven.de\/index.php\/team\/\"> <span class=\"screen-reader-text\">Team<\/span> Weiterlesen &raquo;<\/a><\/p>\n","protected":false},"author":1,"featured_media":0,"parent":0,"menu_order":0,"comment_status":"closed","ping_status":"closed","template":"","meta":{"footnotes":""},"class_list":["post-86","page","type-page","status-publish","hentry"],"_links":{"self":[{"href":"https:\/\/gsv-merken-hoven.de\/index.php\/wp-json\/wp\/v2\/pages\/86","targetHints":{"allow":["GET"]}}],"collection":[{"href":"https:\/\/gsv-merken-hoven.de\/index.php\/wp-json\/wp\/v2\/pages"}],"about":[{"href":"https:\/\/gsv-merken-hoven.de\/index.php\/wp-json\/wp\/v2\/types\/page"}],"author":[{"embeddable":true,"href":"https:\/\/gsv-merken-hoven.de\/index.php\/wp-json\/wp\/v2\/users\/1"}],"replies":[{"embeddable":true,"href":"https:\/\/gsv-merken-hoven.de\/index.php\/wp-json\/wp\/v2\/comments?post=86"}],"version-history":[{"count":34,"href":"https:\/\/gsv-merken-hoven.de\/index.php\/wp-json\/wp\/v2\/pages\/86\/revisions"}],"predecessor-version":[{"id":950,"href":"https:\/\/gsv-merken-hoven.de\/index.php\/wp-json\/wp\/v2\/pages\/86\/revisions\/950"}],"wp:attachment":[{"href":"https:\/\/gsv-merken-hoven.de\/index.php\/wp-json\/wp\/v2\/media?parent=86"}],"curies":[{"name":"wp","href":"https:\/\/api.w.org\/{rel}","templated":true}]}}