{"id":526,"date":"2021-02-10T18:48:46","date_gmt":"2021-02-10T18:48:46","guid":{"rendered":"https:\/\/gsv-merken-hoven.de\/?page_id=526"},"modified":"2023-11-28T10:17:28","modified_gmt":"2023-11-28T10:17:28","slug":"distanzlernen","status":"publish","type":"page","link":"https:\/\/gsv-merken-hoven.de\/index.php\/distanzlernen\/","title":{"rendered":"Distanzlernen"},"content":{"rendered":"\t\t<div data-elementor-type=\"wp-page\" data-elementor-id=\"526\" class=\"elementor elementor-526\">\n\t\t\t\t\t\t<div class=\"elementor-inner\">\n\t\t\t\t<div class=\"elementor-section-wrap\">\n\t\t\t\t\t\t\t\t\t<section class=\"elementor-section elementor-top-section elementor-element elementor-element-15f14711 elementor-section-full_width elementor-section-height-default elementor-section-height-default\" data-id=\"15f14711\" data-element_type=\"section\">\n\t\t\t\t\t\t<div class=\"elementor-container elementor-column-gap-no\">\n\t\t\t\t\t\t\t<div class=\"elementor-row\">\n\t\t\t\t\t<div class=\"elementor-column elementor-col-100 elementor-top-column elementor-element elementor-element-4c344cdd\" data-id=\"4c344cdd\" data-element_type=\"column\">\n\t\t\t<div class=\"elementor-column-wrap elementor-element-populated\">\n\t\t\t\t\t\t\t<div class=\"elementor-widget-wrap\">\n\t\t\t\t\t\t<div class=\"elementor-element elementor-element-49f3c801 elementor-arrows-position-inside elementor-widget elementor-widget-image-carousel\" data-id=\"49f3c801\" data-element_type=\"widget\" data-settings=\"{&quot;navigation&quot;:&quot;arrows&quot;,&quot;slides_to_show&quot;:&quot;1&quot;,&quot;effect&quot;:&quot;fade&quot;,&quot;speed&quot;:1000,&quot;autoplay&quot;:&quot;yes&quot;,&quot;pause_on_hover&quot;:&quot;yes&quot;,&quot;pause_on_interaction&quot;:&quot;yes&quot;,&quot;autoplay_speed&quot;:5000,&quot;infinite&quot;:&quot;yes&quot;}\" data-widget_type=\"image-carousel.default\">\n\t\t\t\t<div class=\"elementor-widget-container\">\n\t\t\t\t\t<div class=\"elementor-image-carousel-wrapper swiper-container\" dir=\"ltr\">\n\t\t\t<div class=\"elementor-image-carousel swiper-wrapper swiper-image-stretch\">\n\t\t\t\t\t\t\t\t<div class=\"swiper-slide\"><figure class=\"swiper-slide-inner\"><img decoding=\"async\" class=\"swiper-slide-image\" src=\"https:\/\/gsv-merken-hoven.de\/wp-content\/uploads\/2020\/06\/slide-1.jpg\" alt=\"slide-1\" \/><\/figure><\/div><div class=\"swiper-slide\"><figure class=\"swiper-slide-inner\"><img decoding=\"async\" class=\"swiper-slide-image\" src=\"https:\/\/gsv-merken-hoven.de\/wp-content\/uploads\/2020\/06\/slide-3.jpg\" alt=\"slide-3\" \/><\/figure><\/div>\t\t\t<\/div>\n\t\t\t\t\t\t\t\t\t\t\t\t\t\t\t\t<div class=\"elementor-swiper-button elementor-swiper-button-prev\">\n\t\t\t\t\t\t<i aria-hidden=\"true\" class=\"eicon-chevron-left\"><\/i>\t\t\t\t\t\t<span class=\"elementor-screen-only\">Zur\u00fcck<\/span>\n\t\t\t\t\t<\/div>\n\t\t\t\t\t<div class=\"elementor-swiper-button elementor-swiper-button-next\">\n\t\t\t\t\t\t<i aria-hidden=\"true\" class=\"eicon-chevron-right\"><\/i>\t\t\t\t\t\t<span class=\"elementor-screen-only\">Weiter<\/span>\n\t\t\t\t\t<\/div>\n\t\t\t\t\t\t\t\t\t<\/div>\n\t\t\t\t<\/div>\n\t\t\t\t<\/div>\n\t\t\t\t\t\t<\/div>\n\t\t\t\t\t<\/div>\n\t\t<\/div>\n\t\t\t\t\t\t\t\t<\/div>\n\t\t\t\t\t<\/div>\n\t\t<\/section>\n\t\t\t\t<section class=\"elementor-section elementor-top-section elementor-element elementor-element-3f23a5cd elementor-section-boxed elementor-section-height-default elementor-section-height-default\" data-id=\"3f23a5cd\" data-element_type=\"section\">\n\t\t\t\t\t\t<div class=\"elementor-container elementor-column-gap-default\">\n\t\t\t\t\t\t\t<div class=\"elementor-row\">\n\t\t\t\t\t<div class=\"elementor-column elementor-col-100 elementor-top-column elementor-element elementor-element-71dbbcaa\" data-id=\"71dbbcaa\" data-element_type=\"column\" data-settings=\"{&quot;background_background&quot;:&quot;classic&quot;}\">\n\t\t\t<div class=\"elementor-column-wrap elementor-element-populated\">\n\t\t\t\t\t\t\t<div class=\"elementor-widget-wrap\">\n\t\t\t\t\t\t<div class=\"elementor-element elementor-element-233355d9 elementor-widget elementor-widget-heading\" data-id=\"233355d9\" data-element_type=\"widget\" data-widget_type=\"heading.default\">\n\t\t\t\t<div class=\"elementor-widget-container\">\n\t\t\t<p class=\"elementor-heading-title elementor-size-default\">Unsere Schule<\/p>\t\t<\/div>\n\t\t\t\t<\/div>\n\t\t\t\t<div class=\"elementor-element elementor-element-7be2ad43 elementor-widget elementor-widget-heading\" data-id=\"7be2ad43\" data-element_type=\"widget\" data-widget_type=\"heading.default\">\n\t\t\t\t<div class=\"elementor-widget-container\">\n\t\t\t<h1 class=\"elementor-heading-title elementor-size-default\">Distanzlernen<\/h1>\t\t<\/div>\n\t\t\t\t<\/div>\n\t\t\t\t\t\t<\/div>\n\t\t\t\t\t<\/div>\n\t\t<\/div>\n\t\t\t\t\t\t\t\t<\/div>\n\t\t\t\t\t<\/div>\n\t\t<\/section>\n\t\t\t\t<section class=\"elementor-section elementor-top-section elementor-element elementor-element-a4a0d1d elementor-section-boxed elementor-section-height-default elementor-section-height-default\" data-id=\"a4a0d1d\" data-element_type=\"section\">\n\t\t\t\t\t\t<div class=\"elementor-container elementor-column-gap-default\">\n\t\t\t\t\t\t\t<div class=\"elementor-row\">\n\t\t\t\t\t<div class=\"elementor-column elementor-col-100 elementor-top-column elementor-element elementor-element-af482ad\" data-id=\"af482ad\" data-element_type=\"column\">\n\t\t\t<div class=\"elementor-column-wrap elementor-element-populated\">\n\t\t\t\t\t\t\t<div class=\"elementor-widget-wrap\">\n\t\t\t\t\t\t<div class=\"elementor-element elementor-element-93c04cb elementor-widget elementor-widget-text-editor\" data-id=\"93c04cb\" data-element_type=\"widget\" data-widget_type=\"text-editor.default\">\n\t\t\t\t<div class=\"elementor-widget-container\">\n\t\t\t\t\t\t\t\t<div class=\"elementor-text-editor elementor-clearfix\">\n\t\t\t\t<p style=\"margin: 0cm 0cm 0.0001pt; font-size: medium; font-family: Calibri; caret-color: #000000; color: #000000; font-style: normal; font-variant-caps: normal; font-weight: normal; letter-spacing: normal; orphans: auto; text-indent: 0px; text-transform: none; white-space: normal; widows: auto; word-spacing: 0px; -webkit-text-size-adjust: auto; -webkit-text-stroke-width: 0px; text-decoration: none; text-align: center;\" align=\"center\">\n<\/p><p><strong>Regelungen f\u00fcr den Distanzunterricht<\/strong><\/p>\n<p><strong>&nbsp;<u style=\"font-style: inherit;\">Organisation:<\/u><\/strong><\/p>\n<p>&#8211; Die <strong>LuL (Lehrerinnen und Lehrer) bilden&nbsp;<\/strong>sowohl im Pr\u00e4senz- als auch im Distanzunterricht <strong>Jahrgangsstufenteams oder SEP-Teams<\/strong>, um Unterricht oder Arbeitspakete f\u00fcr den Distanzunterricht vorzubereiten.<\/p>\n<p>&#8211;&nbsp;<strong>Arbeitspakete werden in Papier- und\/oder Buchform erstellt<\/strong>.<\/p>\n<p>&#8211; Bei den <strong>Klassenlehrerinnen laufen alle Informationen<\/strong>, die die Klasse betreffen <strong>zusammen<\/strong>, damit diese den \u00dcberblick z.B. \u00fcber den Umfang von Arbeitspaketen beh\u00e4lt.<\/p>\n<p>&#8211; Jeweils <strong>montags zwischen 8.00 h und 16.00 h werden die vorbereiteten neuen Arbeitspakete verteilt bzw. bearbeitete Arbeitspakete eingesammmelt<\/strong>. Dies erfolgt \u00fcber bereitgestellte Kisten im Flur-\/ Eingangs-\/Turnhallenbereich der beiden Schulstandorte. Kinder in der Notbetreuung erhalten ihre Arbeitspakete in der OGS.<\/p>\n<p>&#8211; Die <strong>SuS (Sch\u00fclerinnen und Sch\u00fcler) sind verpflichtet, die gestellten Aufgaben fristgerecht zu erledigen. <\/strong><\/p>\n<p>&#8211;&nbsp;<strong>R\u00fcckmeldungen&nbsp;<\/strong>erhalten die SuS \u00fcber den Wochenplan oder \u00fcber eigene Feedbackb\u00f6gen. Individuelle R\u00fcckmeldungen zu <strong>allen <\/strong>erledigten Aufgaben sind \u2013 wie im Pr\u00e4sensunterricht auch \u2013 <strong>nicht m\u00f6glich<\/strong>. Es wird prim\u00e4r auf Vollst\u00e4ndigkeit, Ordentlichkeit und Einsatz geachtet.<\/p>\n<p>&#8211;&nbsp;<strong>Lernerfolgs- und Leistungsbewertung&nbsp;<\/strong>in Form von Klassenarbeiten, Diktaten und Tests findet nur im Pr\u00e4senzunterricht statt. \u00dcber M\u00f6glichkeiten der Leistungsbewertung im Distanzunterricht wird derzeit noch beraten.<\/p>\n<p>&#8211;&nbsp;<strong>Sonderp\u00e4dagogisch gef\u00f6rderte Kinder&nbsp;<\/strong>im GL erhalten von den Sonderp\u00e4dagoginnen <strong>abgestimmte Arbeitspakete<\/strong>. Bei Bedarf f\u00fchren die Sonderp\u00e4dagoginnen auch t\u00e4glich Telefonate mit den SuS.<\/p>\n<p><\/p>\n<p><strong><u><br><\/u><\/strong><\/p><p><strong><u>Rahmenbedingungen der Kommunikation: <\/u><\/strong><\/p>\n<p>&#8211; LuL nutzen untereinander im Falle des Distanzlernens die Kommunikation \u00fcber E-Mail, Teams-Besprechungen oder Telefon.<\/p>\n<p>&#8211;&nbsp;<strong>F\u00fcr Eltern sind die Kolleginnen und Kollegen in der Regel werktags zwischen 8.00 Uhr und 16.00 Uhr erreichbar<\/strong>, Kolleginnen in Teilzeit entsprechend ihres Stundenumfangs. Die <strong>LuL pr\u00fcfen ihr E-Mail-Postfach t\u00e4glich<\/strong>, sind aber nicht verpflichtet, noch am selben Tag auf Mails zu antworten, die nach 16.00 Uhr oder am Wochenende eintreffen. Auf E-Mails wird werktags jedoch sp\u00e4testens am n\u00e4chsten Tag geantwortet.<\/p>\n<p>&#8211;&nbsp;<strong>Bei Problemen und Fragen&nbsp;<\/strong>k\u00f6nnen die SuS (oder deren Eltern) auch bei der Materialausgabe die LuL ansprechen oder in schwerwiegenden F\u00e4llen per Mail einen Telefontermin vereinbaren.<\/p>\n<p>&#8211;&nbsp;<strong>Videokonferenzen&nbsp;<\/strong>sind fr\u00fchestens dann m\u00f6glich, wenn die LuL und die SuS technisch ausgestattet sind und LOGINEO\/LOGINEO LMS und Messenger eingef\u00fchrt wurden.<\/p>\n<p>&#8211; Des Weiteren wird \u00fcber <strong>aktuelle Neuigkeiten auf der Homepage&nbsp;<\/strong>informiert.<\/p>\t\t\t\t\t<\/div>\n\t\t\t\t\t\t<\/div>\n\t\t\t\t<\/div>\n\t\t\t\t\t\t<\/div>\n\t\t\t\t\t<\/div>\n\t\t<\/div>\n\t\t\t\t\t\t\t\t<\/div>\n\t\t\t\t\t<\/div>\n\t\t<\/section>\n\t\t\t\t<section class=\"elementor-section elementor-top-section elementor-element elementor-element-51c34ff elementor-section-boxed elementor-section-height-default elementor-section-height-default\" data-id=\"51c34ff\" data-element_type=\"section\">\n\t\t\t\t\t\t\t<div class=\"elementor-background-overlay\"><\/div>\n\t\t\t\t\t\t\t<div class=\"elementor-container elementor-column-gap-default\">\n\t\t\t\t\t\t\t<div class=\"elementor-row\">\n\t\t\t\t\t<div class=\"elementor-column elementor-col-100 elementor-top-column elementor-element elementor-element-f38f95b\" data-id=\"f38f95b\" data-element_type=\"column\">\n\t\t\t<div class=\"elementor-column-wrap elementor-element-populated\">\n\t\t\t\t\t\t\t<div class=\"elementor-widget-wrap\">\n\t\t\t\t\t\t<div class=\"elementor-element elementor-element-271019f elementor-widget elementor-widget-heading\" data-id=\"271019f\" data-element_type=\"widget\" data-widget_type=\"heading.default\">\n\t\t\t\t<div class=\"elementor-widget-container\">\n\t\t\t<h2 class=\"elementor-heading-title elementor-size-default\">Unsere Schule<\/h2>\t\t<\/div>\n\t\t\t\t<\/div>\n\t\t\t\t<div class=\"elementor-element elementor-element-fd40141 sub-nav elementor-widget elementor-widget-wp-widget-nav_menu\" data-id=\"fd40141\" data-element_type=\"widget\" data-widget_type=\"wp-widget-nav_menu.default\">\n\t\t\t\t<div class=\"elementor-widget-container\">\n\t\t\t<nav class=\"menu-sub-menue-container\" aria-label=\"Men\u00fc\"><ul id=\"menu-sub-menue\" class=\"menu\"><li id=\"menu-item-70\" class=\"menu-item menu-item-type-post_type menu-item-object-page menu-item-70\"><a href=\"https:\/\/gsv-merken-hoven.de\/index.php\/wir-lebe-inklusion\/\" class=\"menu-link\">Wir leben Inklusion<\/a><\/li>\n<li id=\"menu-item-89\" class=\"menu-item menu-item-type-post_type menu-item-object-page menu-item-89\"><a href=\"https:\/\/gsv-merken-hoven.de\/index.php\/team\/\" class=\"menu-link\">Team<\/a><\/li>\n<li id=\"menu-item-90\" class=\"menu-item menu-item-type-post_type menu-item-object-page menu-item-90\"><a href=\"https:\/\/gsv-merken-hoven.de\/index.php\/ags\/\" class=\"menu-link\">AGs<\/a><\/li>\n<li id=\"menu-item-97\" class=\"menu-item menu-item-type-post_type menu-item-object-page menu-item-97\"><a href=\"https:\/\/gsv-merken-hoven.de\/index.php\/eltern-abc\/\" class=\"menu-link\">Eltern-ABC<\/a><\/li>\n<li id=\"menu-item-106\" class=\"menu-item menu-item-type-post_type menu-item-object-page menu-item-106\"><a href=\"https:\/\/gsv-merken-hoven.de\/index.php\/schulsozialarbeit\/\" class=\"menu-link\">Schulsozialarbeit<\/a><\/li>\n<li id=\"menu-item-107\" class=\"menu-item menu-item-type-post_type menu-item-object-page menu-item-107\"><a href=\"https:\/\/gsv-merken-hoven.de\/index.php\/foerderverein\/\" class=\"menu-link\">F\u00f6rderverein<\/a><\/li>\n<\/ul><\/nav>\t\t<\/div>\n\t\t\t\t<\/div>\n\t\t\t\t\t\t<\/div>\n\t\t\t\t\t<\/div>\n\t\t<\/div>\n\t\t\t\t\t\t\t\t<\/div>\n\t\t\t\t\t<\/div>\n\t\t<\/section>\n\t\t\t\t\t\t\t\t\t<\/div>\n\t\t\t<\/div>\n\t\t\t\t\t<\/div>\n\t\t","protected":false},"excerpt":{"rendered":"<p>Zur\u00fcck Weiter Unsere Schule Distanzlernen Regelungen f\u00fcr den Distanzunterricht &nbsp;Organisation: &#8211; Die LuL (Lehrerinnen und Lehrer) bilden&nbsp;sowohl im Pr\u00e4senz- als auch im Distanzunterricht Jahrgangsstufenteams oder SEP-Teams, um Unterricht oder Arbeitspakete f\u00fcr den Distanzunterricht vorzubereiten. &#8211;&nbsp;Arbeitspakete werden in Papier- und\/oder Buchform erstellt. &#8211; Bei den Klassenlehrerinnen laufen alle Informationen, die die Klasse betreffen zusammen, damit diese &hellip;<\/p>\n<p class=\"read-more\"> <a class=\"\" href=\"https:\/\/gsv-merken-hoven.de\/index.php\/distanzlernen\/\"> <span class=\"screen-reader-text\">Distanzlernen<\/span> Weiterlesen &raquo;<\/a><\/p>\n","protected":false},"author":1,"featured_media":0,"parent":0,"menu_order":0,"comment_status":"closed","ping_status":"closed","template":"","meta":{"footnotes":""},"class_list":["post-526","page","type-page","status-publish","hentry"],"_links":{"self":[{"href":"https:\/\/gsv-merken-hoven.de\/index.php\/wp-json\/wp\/v2\/pages\/526","targetHints":{"allow":["GET"]}}],"collection":[{"href":"https:\/\/gsv-merken-hoven.de\/index.php\/wp-json\/wp\/v2\/pages"}],"about":[{"href":"https:\/\/gsv-merken-hoven.de\/index.php\/wp-json\/wp\/v2\/types\/page"}],"author":[{"embeddable":true,"href":"https:\/\/gsv-merken-hoven.de\/index.php\/wp-json\/wp\/v2\/users\/1"}],"replies":[{"embeddable":true,"href":"https:\/\/gsv-merken-hoven.de\/index.php\/wp-json\/wp\/v2\/comments?post=526"}],"version-history":[{"count":13,"href":"https:\/\/gsv-merken-hoven.de\/index.php\/wp-json\/wp\/v2\/pages\/526\/revisions"}],"predecessor-version":[{"id":954,"href":"https:\/\/gsv-merken-hoven.de\/index.php\/wp-json\/wp\/v2\/pages\/526\/revisions\/954"}],"wp:attachment":[{"href":"https:\/\/gsv-merken-hoven.de\/index.php\/wp-json\/wp\/v2\/media?parent=526"}],"curies":[{"name":"wp","href":"https:\/\/api.w.org\/{rel}","templated":true}]}}