{"id":149,"date":"2020-06-15T11:46:18","date_gmt":"2020-06-15T11:46:18","guid":{"rendered":"http:\/\/gsv-merken-hoven.de\/?page_id=149"},"modified":"2023-06-02T15:53:24","modified_gmt":"2023-06-02T15:53:24","slug":"ogs","status":"publish","type":"page","link":"https:\/\/gsv-merken-hoven.de\/index.php\/ogs\/","title":{"rendered":"OGS"},"content":{"rendered":"\t\t<div data-elementor-type=\"wp-page\" data-elementor-id=\"149\" class=\"elementor elementor-149\">\n\t\t\t\t\t\t<div class=\"elementor-inner\">\n\t\t\t\t<div class=\"elementor-section-wrap\">\n\t\t\t\t\t\t\t\t\t<section class=\"elementor-section elementor-top-section elementor-element elementor-element-38b73669 elementor-section-full_width elementor-section-height-default elementor-section-height-default\" data-id=\"38b73669\" data-element_type=\"section\">\n\t\t\t\t\t\t<div class=\"elementor-container elementor-column-gap-no\">\n\t\t\t\t\t\t\t<div class=\"elementor-row\">\n\t\t\t\t\t<div class=\"elementor-column elementor-col-100 elementor-top-column elementor-element elementor-element-34b2efd0\" data-id=\"34b2efd0\" data-element_type=\"column\">\n\t\t\t<div class=\"elementor-column-wrap elementor-element-populated\">\n\t\t\t\t\t\t\t<div class=\"elementor-widget-wrap\">\n\t\t\t\t\t\t<div class=\"elementor-element elementor-element-4276860d elementor-arrows-position-inside elementor-widget elementor-widget-image-carousel\" data-id=\"4276860d\" data-element_type=\"widget\" data-settings=\"{&quot;navigation&quot;:&quot;arrows&quot;,&quot;slides_to_show&quot;:&quot;1&quot;,&quot;effect&quot;:&quot;fade&quot;,&quot;speed&quot;:1000,&quot;autoplay&quot;:&quot;yes&quot;,&quot;pause_on_hover&quot;:&quot;yes&quot;,&quot;pause_on_interaction&quot;:&quot;yes&quot;,&quot;autoplay_speed&quot;:5000,&quot;infinite&quot;:&quot;yes&quot;}\" data-widget_type=\"image-carousel.default\">\n\t\t\t\t<div class=\"elementor-widget-container\">\n\t\t\t\t\t<div class=\"elementor-image-carousel-wrapper swiper-container\" dir=\"ltr\">\n\t\t\t<div class=\"elementor-image-carousel swiper-wrapper swiper-image-stretch\">\n\t\t\t\t\t\t\t\t<div class=\"swiper-slide\"><figure class=\"swiper-slide-inner\"><img decoding=\"async\" class=\"swiper-slide-image\" src=\"https:\/\/gsv-merken-hoven.de\/wp-content\/uploads\/2020\/06\/slide-1.jpg\" alt=\"slide-1\" \/><\/figure><\/div><div class=\"swiper-slide\"><figure class=\"swiper-slide-inner\"><img decoding=\"async\" class=\"swiper-slide-image\" src=\"https:\/\/gsv-merken-hoven.de\/wp-content\/uploads\/2020\/06\/slide-2.jpg\" alt=\"slide-2\" \/><\/figure><\/div><div class=\"swiper-slide\"><figure class=\"swiper-slide-inner\"><img decoding=\"async\" class=\"swiper-slide-image\" src=\"https:\/\/gsv-merken-hoven.de\/wp-content\/uploads\/2020\/06\/slide-3.jpg\" alt=\"slide-3\" \/><\/figure><\/div>\t\t\t<\/div>\n\t\t\t\t\t\t\t\t\t\t\t\t\t\t\t\t<div class=\"elementor-swiper-button elementor-swiper-button-prev\">\n\t\t\t\t\t\t<i aria-hidden=\"true\" class=\"eicon-chevron-left\"><\/i>\t\t\t\t\t\t<span class=\"elementor-screen-only\">Zur\u00fcck<\/span>\n\t\t\t\t\t<\/div>\n\t\t\t\t\t<div class=\"elementor-swiper-button elementor-swiper-button-next\">\n\t\t\t\t\t\t<i aria-hidden=\"true\" class=\"eicon-chevron-right\"><\/i>\t\t\t\t\t\t<span class=\"elementor-screen-only\">Weiter<\/span>\n\t\t\t\t\t<\/div>\n\t\t\t\t\t\t\t\t\t<\/div>\n\t\t\t\t<\/div>\n\t\t\t\t<\/div>\n\t\t\t\t\t\t<\/div>\n\t\t\t\t\t<\/div>\n\t\t<\/div>\n\t\t\t\t\t\t\t\t<\/div>\n\t\t\t\t\t<\/div>\n\t\t<\/section>\n\t\t\t\t<section class=\"elementor-section elementor-top-section elementor-element elementor-element-b580533 elementor-section-boxed elementor-section-height-default elementor-section-height-default\" data-id=\"b580533\" data-element_type=\"section\">\n\t\t\t\t\t\t<div class=\"elementor-container elementor-column-gap-default\">\n\t\t\t\t\t\t\t<div class=\"elementor-row\">\n\t\t\t\t\t<div class=\"elementor-column elementor-col-100 elementor-top-column elementor-element elementor-element-5094895\" data-id=\"5094895\" data-element_type=\"column\">\n\t\t\t<div class=\"elementor-column-wrap elementor-element-populated\">\n\t\t\t\t\t\t\t<div class=\"elementor-widget-wrap\">\n\t\t\t\t\t\t<div class=\"elementor-element elementor-element-6452120 elementor-widget elementor-widget-heading\" data-id=\"6452120\" data-element_type=\"widget\" data-widget_type=\"heading.default\">\n\t\t\t\t<div class=\"elementor-widget-container\">\n\t\t\t<p class=\"elementor-heading-title elementor-size-default\">OGS<\/p>\t\t<\/div>\n\t\t\t\t<\/div>\n\t\t\t\t<div class=\"elementor-element elementor-element-33eaa7a elementor-widget elementor-widget-heading\" data-id=\"33eaa7a\" data-element_type=\"widget\" data-widget_type=\"heading.default\">\n\t\t\t\t<div class=\"elementor-widget-container\">\n\t\t\t<h1 class=\"elementor-heading-title elementor-size-default\">Offene Ganztagsschulen<\/h1>\t\t<\/div>\n\t\t\t\t<\/div>\n\t\t\t\t<div class=\"elementor-element elementor-element-b71b4d6 elementor-widget elementor-widget-text-editor\" data-id=\"b71b4d6\" data-element_type=\"widget\" data-widget_type=\"text-editor.default\">\n\t\t\t\t<div class=\"elementor-widget-container\">\n\t\t\t\t\t\t\t\t<div class=\"elementor-text-editor elementor-clearfix\">\n\t\t\t\t<p>Tr\u00e4ger der OGS ist an unseren beiden Standorten der katholische Kirchengemeindeverband St. Franziskus.<br><b style=\"font-style: inherit;\">Wir bieten zwei verschiedene Betreuungsformen an:<\/b><\/p>\t\t\t\t\t<\/div>\n\t\t\t\t\t\t<\/div>\n\t\t\t\t<\/div>\n\t\t\t\t\t\t<\/div>\n\t\t\t\t\t<\/div>\n\t\t<\/div>\n\t\t\t\t\t\t\t\t<\/div>\n\t\t\t\t\t<\/div>\n\t\t<\/section>\n\t\t\t\t<section class=\"elementor-section elementor-top-section elementor-element elementor-element-9035478 elementor-section-boxed elementor-section-height-default elementor-section-height-default\" data-id=\"9035478\" data-element_type=\"section\">\n\t\t\t\t\t\t<div class=\"elementor-container elementor-column-gap-default\">\n\t\t\t\t\t\t\t<div class=\"elementor-row\">\n\t\t\t\t\t<div class=\"elementor-column elementor-col-50 elementor-top-column elementor-element elementor-element-cf97f67\" data-id=\"cf97f67\" data-element_type=\"column\" data-settings=\"{&quot;background_background&quot;:&quot;classic&quot;}\">\n\t\t\t<div class=\"elementor-column-wrap elementor-element-populated\">\n\t\t\t\t\t\t\t<div class=\"elementor-widget-wrap\">\n\t\t\t\t\t\t<div class=\"elementor-element elementor-element-a630688 elementor-widget elementor-widget-heading\" data-id=\"a630688\" data-element_type=\"widget\" data-widget_type=\"heading.default\">\n\t\t\t\t<div class=\"elementor-widget-container\">\n\t\t\t<h2 class=\"elementor-heading-title elementor-size-default\">OGS Betreuung<\/h2>\t\t<\/div>\n\t\t\t\t<\/div>\n\t\t\t\t<div class=\"elementor-element elementor-element-2641c99 elementor-widget elementor-widget-text-editor\" data-id=\"2641c99\" data-element_type=\"widget\" data-widget_type=\"text-editor.default\">\n\t\t\t\t<div class=\"elementor-widget-container\">\n\t\t\t\t\t\t\t\t<div class=\"elementor-text-editor elementor-clearfix\">\n\t\t\t\t<p>Mo\u2013Do: nach Schulschluss bis 16:00 Uhr<br><span style=\"font-size: 18px;\">Fr: nach Schulschluss bis 15:00 Uhr<\/span><\/p>\n<p>Mittagessen und Hausaufgabenbetreuung<\/p>\n<p>In Hoven findet die OGS-Betreuung auch am Freitag bis 16:00 Uhr statt.<\/p>\t\t\t\t\t<\/div>\n\t\t\t\t\t\t<\/div>\n\t\t\t\t<\/div>\n\t\t\t\t\t\t<\/div>\n\t\t\t\t\t<\/div>\n\t\t<\/div>\n\t\t\t\t<div class=\"elementor-column elementor-col-50 elementor-top-column elementor-element elementor-element-7b84a64\" data-id=\"7b84a64\" data-element_type=\"column\" data-settings=\"{&quot;background_background&quot;:&quot;classic&quot;}\">\n\t\t\t<div class=\"elementor-column-wrap elementor-element-populated\">\n\t\t\t\t\t\t\t<div class=\"elementor-widget-wrap\">\n\t\t\t\t\t\t<div class=\"elementor-element elementor-element-e072b57 elementor-widget elementor-widget-heading\" data-id=\"e072b57\" data-element_type=\"widget\" data-widget_type=\"heading.default\">\n\t\t\t\t<div class=\"elementor-widget-container\">\n\t\t\t<h2 class=\"elementor-heading-title elementor-size-default\">Mittagsbetreuung<\/h2>\t\t<\/div>\n\t\t\t\t<\/div>\n\t\t\t\t<div class=\"elementor-element elementor-element-a5ac6e0 elementor-widget elementor-widget-text-editor\" data-id=\"a5ac6e0\" data-element_type=\"widget\" data-widget_type=\"text-editor.default\">\n\t\t\t\t<div class=\"elementor-widget-container\">\n\t\t\t\t\t\t\t\t<div class=\"elementor-text-editor elementor-clearfix\">\n\t\t\t\t<p>T\u00e4glich nach Schulschluss bis 14:00 Uhr<\/p><p>ohne Mittagessen und Hausaufgabenbetreuung<\/p>\t\t\t\t\t<\/div>\n\t\t\t\t\t\t<\/div>\n\t\t\t\t<\/div>\n\t\t\t\t\t\t<\/div>\n\t\t\t\t\t<\/div>\n\t\t<\/div>\n\t\t\t\t\t\t\t\t<\/div>\n\t\t\t\t\t<\/div>\n\t\t<\/section>\n\t\t\t\t<section class=\"elementor-section elementor-top-section elementor-element elementor-element-a4ead83 elementor-section-boxed elementor-section-height-default elementor-section-height-default\" data-id=\"a4ead83\" data-element_type=\"section\">\n\t\t\t\t\t\t<div class=\"elementor-container elementor-column-gap-default\">\n\t\t\t\t\t\t\t<div class=\"elementor-row\">\n\t\t\t\t\t<div class=\"elementor-column elementor-col-100 elementor-top-column elementor-element elementor-element-926d94c\" data-id=\"926d94c\" data-element_type=\"column\">\n\t\t\t<div class=\"elementor-column-wrap elementor-element-populated\">\n\t\t\t\t\t\t\t<div class=\"elementor-widget-wrap\">\n\t\t\t\t\t\t<div class=\"elementor-element elementor-element-fa559b9 elementor-widget elementor-widget-text-editor\" data-id=\"fa559b9\" data-element_type=\"widget\" data-widget_type=\"text-editor.default\">\n\t\t\t\t<div class=\"elementor-widget-container\">\n\t\t\t\t\t\t\t\t<div class=\"elementor-text-editor elementor-clearfix\">\n\t\t\t\t<p>Die Betreuung erfolgt ebenfalls in der H\u00e4lfte der Ferienzeit und an unterrichtsfreien Tagen. Dies gilt f\u00fcr beide Betreuungsformen. Die Ferienfreizeitangebote werden mit den Kindern gemeinsam erarbeitet, z.B. Angebote zu verschiedenen Themen, Ausfl\u00fcge, \u2026 .<\/p>\n<p>Wir arbeiten bed\u00fcrfnisorientiert und ver\u00e4ndern mit den Kindern immer wieder die R\u00e4ume durch Umgestalten der Ecken. Dadurch schaffen wir st\u00e4ndig neue Spiel- und Entspannungsangebote.<\/p>\n<p>Uns ist wichtig, dass die Anliegen der Kinder ber\u00fccksichtigt werden und die Kinder gen\u00fcgend Raum zur Entspannung finden. Genauso wichtig ist uns der aufmerksame und liebevolle Umgang miteinander. F\u00fcr uns hat die Vermittlung von Normen und Werten im Gruppenalltag einen hohen Stellenwert.<\/p>\n<p>In Merken sind derzeit 35 Kinder in der OGS-Betreuung und 26 Kinder besuchen die Mittagsbetreuung. In Hoven besuchen 40 Kinder die OGS-Betreuung, 17 Kinder die Mittagsbetreuung.<\/p>\t\t\t\t\t<\/div>\n\t\t\t\t\t\t<\/div>\n\t\t\t\t<\/div>\n\t\t\t\t\t\t<\/div>\n\t\t\t\t\t<\/div>\n\t\t<\/div>\n\t\t\t\t\t\t\t\t<\/div>\n\t\t\t\t\t<\/div>\n\t\t<\/section>\n\t\t\t\t<section class=\"elementor-section elementor-top-section elementor-element elementor-element-51c34ff elementor-section-boxed elementor-section-height-default elementor-section-height-default\" data-id=\"51c34ff\" data-element_type=\"section\" data-settings=\"{&quot;background_background&quot;:&quot;classic&quot;}\">\n\t\t\t\t\t\t<div class=\"elementor-container elementor-column-gap-default\">\n\t\t\t\t\t\t\t<div class=\"elementor-row\">\n\t\t\t\t\t<div class=\"elementor-column elementor-col-100 elementor-top-column elementor-element elementor-element-f38f95b\" data-id=\"f38f95b\" data-element_type=\"column\">\n\t\t\t<div class=\"elementor-column-wrap elementor-element-populated\">\n\t\t\t\t\t\t\t<div class=\"elementor-widget-wrap\">\n\t\t\t\t\t\t<div class=\"elementor-element elementor-element-271019f elementor-widget elementor-widget-heading\" data-id=\"271019f\" data-element_type=\"widget\" data-widget_type=\"heading.default\">\n\t\t\t\t<div class=\"elementor-widget-container\">\n\t\t\t<h2 class=\"elementor-heading-title elementor-size-default\">Unsere Schule<\/h2>\t\t<\/div>\n\t\t\t\t<\/div>\n\t\t\t\t<div class=\"elementor-element elementor-element-fd40141 sub-nav elementor-widget elementor-widget-wp-widget-nav_menu\" data-id=\"fd40141\" data-element_type=\"widget\" data-widget_type=\"wp-widget-nav_menu.default\">\n\t\t\t\t<div class=\"elementor-widget-container\">\n\t\t\t<nav class=\"menu-sub-menue-container\" aria-label=\"Men\u00fc\"><ul id=\"menu-sub-menue\" class=\"menu\"><li id=\"menu-item-70\" class=\"menu-item menu-item-type-post_type menu-item-object-page menu-item-70\"><a href=\"https:\/\/gsv-merken-hoven.de\/index.php\/wir-lebe-inklusion\/\" class=\"menu-link\">Wir leben Inklusion<\/a><\/li>\n<li id=\"menu-item-89\" class=\"menu-item menu-item-type-post_type menu-item-object-page menu-item-89\"><a href=\"https:\/\/gsv-merken-hoven.de\/index.php\/team\/\" class=\"menu-link\">Team<\/a><\/li>\n<li id=\"menu-item-90\" class=\"menu-item menu-item-type-post_type menu-item-object-page menu-item-90\"><a href=\"https:\/\/gsv-merken-hoven.de\/index.php\/ags\/\" class=\"menu-link\">AGs<\/a><\/li>\n<li id=\"menu-item-97\" class=\"menu-item menu-item-type-post_type menu-item-object-page menu-item-97\"><a href=\"https:\/\/gsv-merken-hoven.de\/index.php\/eltern-abc\/\" class=\"menu-link\">Eltern-ABC<\/a><\/li>\n<li id=\"menu-item-106\" class=\"menu-item menu-item-type-post_type menu-item-object-page menu-item-106\"><a href=\"https:\/\/gsv-merken-hoven.de\/index.php\/schulsozialarbeit\/\" class=\"menu-link\">Schulsozialarbeit<\/a><\/li>\n<li id=\"menu-item-107\" class=\"menu-item menu-item-type-post_type menu-item-object-page menu-item-107\"><a href=\"https:\/\/gsv-merken-hoven.de\/index.php\/foerderverein\/\" class=\"menu-link\">F\u00f6rderverein<\/a><\/li>\n<\/ul><\/nav>\t\t<\/div>\n\t\t\t\t<\/div>\n\t\t\t\t\t\t<\/div>\n\t\t\t\t\t<\/div>\n\t\t<\/div>\n\t\t\t\t\t\t\t\t<\/div>\n\t\t\t\t\t<\/div>\n\t\t<\/section>\n\t\t\t\t\t\t\t\t\t<\/div>\n\t\t\t<\/div>\n\t\t\t\t\t<\/div>\n\t\t","protected":false},"excerpt":{"rendered":"<p>Zur\u00fcck Weiter OGS Offene Ganztagsschulen Tr\u00e4ger der OGS ist an unseren beiden Standorten der katholische Kirchengemeindeverband St. Franziskus.Wir bieten zwei verschiedene Betreuungsformen an: OGS Betreuung Mo\u2013Do: nach Schulschluss bis 16:00 UhrFr: nach Schulschluss bis 15:00 Uhr Mittagessen und Hausaufgabenbetreuung In Hoven findet die OGS-Betreuung auch am Freitag bis 16:00 Uhr statt. Mittagsbetreuung T\u00e4glich nach Schulschluss &hellip;<\/p>\n<p class=\"read-more\"> <a class=\"\" href=\"https:\/\/gsv-merken-hoven.de\/index.php\/ogs\/\"> <span class=\"screen-reader-text\">OGS<\/span> Weiterlesen &raquo;<\/a><\/p>\n","protected":false},"author":1,"featured_media":0,"parent":0,"menu_order":0,"comment_status":"closed","ping_status":"closed","template":"","meta":{"footnotes":""},"class_list":["post-149","page","type-page","status-publish","hentry"],"_links":{"self":[{"href":"https:\/\/gsv-merken-hoven.de\/index.php\/wp-json\/wp\/v2\/pages\/149","targetHints":{"allow":["GET"]}}],"collection":[{"href":"https:\/\/gsv-merken-hoven.de\/index.php\/wp-json\/wp\/v2\/pages"}],"about":[{"href":"https:\/\/gsv-merken-hoven.de\/index.php\/wp-json\/wp\/v2\/types\/page"}],"author":[{"embeddable":true,"href":"https:\/\/gsv-merken-hoven.de\/index.php\/wp-json\/wp\/v2\/users\/1"}],"replies":[{"embeddable":true,"href":"https:\/\/gsv-merken-hoven.de\/index.php\/wp-json\/wp\/v2\/comments?post=149"}],"version-history":[{"count":18,"href":"https:\/\/gsv-merken-hoven.de\/index.php\/wp-json\/wp\/v2\/pages\/149\/revisions"}],"predecessor-version":[{"id":894,"href":"https:\/\/gsv-merken-hoven.de\/index.php\/wp-json\/wp\/v2\/pages\/149\/revisions\/894"}],"wp:attachment":[{"href":"https:\/\/gsv-merken-hoven.de\/index.php\/wp-json\/wp\/v2\/media?parent=149"}],"curies":[{"name":"wp","href":"https:\/\/api.w.org\/{rel}","templated":true}]}}