{"id":144,"date":"2020-06-15T11:44:49","date_gmt":"2020-06-15T11:44:49","guid":{"rendered":"http:\/\/gsv-merken-hoven.de\/?page_id=144"},"modified":"2025-04-08T14:31:15","modified_gmt":"2025-04-08T14:31:15","slug":"datenschutz","status":"publish","type":"page","link":"https:\/\/gsv-merken-hoven.de\/index.php\/datenschutz\/","title":{"rendered":"Datenschutz"},"content":{"rendered":"\t\t<div data-elementor-type=\"wp-page\" data-elementor-id=\"144\" class=\"elementor elementor-144\">\n\t\t\t\t\t\t<div class=\"elementor-inner\">\n\t\t\t\t<div class=\"elementor-section-wrap\">\n\t\t\t\t\t\t\t\t\t<section class=\"elementor-section elementor-top-section elementor-element elementor-element-7d42048 elementor-section-full_width elementor-section-height-default elementor-section-height-default\" data-id=\"7d42048\" data-element_type=\"section\">\n\t\t\t\t\t\t<div class=\"elementor-container elementor-column-gap-default\">\n\t\t\t\t\t\t\t<div class=\"elementor-row\">\n\t\t\t\t\t<div class=\"elementor-column elementor-col-100 elementor-top-column elementor-element elementor-element-9a32f47\" data-id=\"9a32f47\" data-element_type=\"column\">\n\t\t\t<div class=\"elementor-column-wrap elementor-element-populated\">\n\t\t\t\t\t\t\t<div class=\"elementor-widget-wrap\">\n\t\t\t\t\t\t<section class=\"elementor-section elementor-inner-section elementor-element elementor-element-d760cc6 elementor-section-full_width elementor-section-height-default elementor-section-height-default\" data-id=\"d760cc6\" data-element_type=\"section\">\n\t\t\t\t\t\t<div class=\"elementor-container elementor-column-gap-default\">\n\t\t\t\t\t\t\t<div class=\"elementor-row\">\n\t\t\t\t\t<div class=\"elementor-column elementor-col-50 elementor-inner-column elementor-element elementor-element-5800222\" data-id=\"5800222\" data-element_type=\"column\">\n\t\t\t<div class=\"elementor-column-wrap elementor-element-populated\">\n\t\t\t\t\t\t\t<div class=\"elementor-widget-wrap\">\n\t\t\t\t\t\t<div class=\"elementor-element elementor-element-10cae53 elementor-widget elementor-widget-image\" data-id=\"10cae53\" data-element_type=\"widget\" data-widget_type=\"image.default\">\n\t\t\t\t<div class=\"elementor-widget-container\">\n\t\t\t\t\t\t\t\t<div class=\"elementor-image\">\n\t\t\t\t\t\t\t\t\t\t\t\t\t<a href=\"\/\">\n\t\t\t\t\t\t\t<img loading=\"lazy\" decoding=\"async\" width=\"500\" height=\"211\" src=\"https:\/\/gsv-merken-hoven.de\/wp-content\/uploads\/2020\/06\/gsv-merken-hoven-150x63.png\" class=\"attachment-large size-large\" alt=\"\" srcset=\"https:\/\/gsv-merken-hoven.de\/wp-content\/uploads\/2020\/06\/gsv-merken-hoven.png 500w, https:\/\/gsv-merken-hoven.de\/wp-content\/uploads\/2020\/06\/gsv-merken-hoven-300x127.png 300w, https:\/\/gsv-merken-hoven.de\/wp-content\/uploads\/2020\/06\/gsv-merken-hoven-150x63.png 150w\" sizes=\"auto, (max-width: 500px) 100vw, 500px\" \/>\t\t\t\t\t\t\t\t<\/a>\n\t\t\t\t\t\t\t\t\t\t\t\t\t\t<\/div>\n\t\t\t\t\t\t<\/div>\n\t\t\t\t<\/div>\n\t\t\t\t\t\t<\/div>\n\t\t\t\t\t<\/div>\n\t\t<\/div>\n\t\t\t\t<div class=\"elementor-column elementor-col-50 elementor-inner-column elementor-element elementor-element-091f928\" data-id=\"091f928\" data-element_type=\"column\">\n\t\t\t<div class=\"elementor-column-wrap elementor-element-populated\">\n\t\t\t\t\t\t\t<div class=\"elementor-widget-wrap\">\n\t\t\t\t\t\t<div class=\"elementor-element elementor-element-8925a12 premium-nav-hor premium-nav-none premium-ham-dropdown elementor-widget elementor-widget-premium-nav-menu\" data-id=\"8925a12\" data-element_type=\"widget\" data-settings=\"{&quot;submenu_icon&quot;:{&quot;value&quot;:&quot;fas fa-angle-down&quot;,&quot;library&quot;:&quot;fa-solid&quot;},&quot;submenu_item_icon&quot;:{&quot;value&quot;:&quot;&quot;,&quot;library&quot;:&quot;&quot;}}\" data-widget_type=\"premium-nav-menu.default\">\n\t\t\t\t<div class=\"elementor-widget-container\">\n\t\t\t\t\t\t<div data-settings=\"{&quot;breakpoint&quot;:1024,&quot;mobileLayout&quot;:&quot;dropdown&quot;,&quot;mainLayout&quot;:&quot;hor&quot;,&quot;stretchDropdown&quot;:false,&quot;hoverEffect&quot;:&quot;&quot;,&quot;submenuEvent&quot;:&quot;hover&quot;,&quot;submenuTrigger&quot;:null,&quot;closeAfterClick&quot;:false}\" class=\"premium-nav-widget-container premium-nav-pointer-none\" style=\"visibility:hidden; opacity:0;\">\r\n\t\t\t\t<div class=\"premium-ver-inner-container\">\r\n\t\t\t\t\t<div class=\"premium-hamburger-toggle premium-mobile-menu-icon\" role=\"button\" aria-label=\"Toggle Menu\">\r\n\t\t\t\t\t\t<span class=\"premium-toggle-text\">\r\n\t\t\t\t\t\t\t<i aria-hidden=\"true\" class=\"fas fa-bars\"><\/i>Menu\t\t\t\t\t\t<\/span>\r\n\t\t\t\t\t\t<span class=\"premium-toggle-close\">\r\n\t\t\t\t\t\t\t<i aria-hidden=\"true\" class=\"fas fa-times\"><\/i>Schlie\u00dfen\t\t\t\t\t\t<\/span>\r\n\t\t\t\t\t<\/div>\r\n\t\t\t\t\t\t\t\t\t\t\t\t<div class=\"premium-nav-menu-container premium-nav-default\">\r\n\t\t\t\t\t\t\t\t<ul id=\"menu-main-neu\" class=\"premium-nav-menu premium-main-nav-menu\"><li id=\"premium-nav-menu-item-1061\" class=\"menu-item menu-item-type-custom menu-item-object-custom premium-nav-menu-item premium-item-anchor\"><a href=\"\/#ueberuns\" class=\"menu-link premium-menu-link premium-menu-link-parent\">\u00dcber Uns<\/a><\/li>\n<li id=\"premium-nav-menu-item-1062\" class=\"menu-item menu-item-type-custom menu-item-object-custom premium-nav-menu-item premium-item-anchor\"><a href=\"\/#kontakt\" class=\"menu-link premium-menu-link premium-menu-link-parent\">Kontakt<\/a><\/li>\n<li id=\"premium-nav-menu-item-1063\" class=\"menu-item menu-item-type-custom menu-item-object-custom premium-nav-menu-item premium-item-anchor\"><a href=\"\/#team\" class=\"menu-link premium-menu-link premium-menu-link-parent\">Team<\/a><\/li>\n<li id=\"premium-nav-menu-item-1064\" class=\"menu-item menu-item-type-custom menu-item-object-custom premium-nav-menu-item premium-item-anchor\"><a href=\"\/#elternabc\" class=\"menu-link premium-menu-link premium-menu-link-parent\">Eltern-ABC<\/a><\/li>\n<li id=\"premium-nav-menu-item-1068\" class=\"menu-item menu-item-type-custom menu-item-object-custom premium-nav-menu-item premium-item-anchor\"><a href=\"\/#minischule\" class=\"menu-link premium-menu-link premium-menu-link-parent\">Minischule<\/a><\/li>\n<li id=\"premium-nav-menu-item-1069\" class=\"menu-item menu-item-type-custom menu-item-object-custom premium-nav-menu-item premium-item-anchor\"><a href=\"\/#foerdervereine\" class=\"menu-link premium-menu-link premium-menu-link-parent\">F\u00f6rdervereine<\/a><\/li>\n<\/ul>\t\t\t\t\t\t\t<\/div>\r\n\t\t\t\t\t\t\t\t\t\t\t\t\t\t<div class=\"premium-mobile-menu-container\">\r\n\t\t\t\t\t\t\t\t<ul id=\"menu-main-neu-1\" class=\"premium-mobile-menu premium-main-mobile-menu premium-main-nav-menu\"><li id=\"premium-nav-menu-item-10611\" class=\"menu-item menu-item-type-custom menu-item-object-custom premium-nav-menu-item premium-item-anchor\"><a href=\"\/#ueberuns\" class=\"menu-link premium-menu-link premium-menu-link-parent\">\u00dcber Uns<\/a><\/li>\n<li id=\"premium-nav-menu-item-10622\" class=\"menu-item menu-item-type-custom menu-item-object-custom premium-nav-menu-item premium-item-anchor\"><a href=\"\/#kontakt\" class=\"menu-link premium-menu-link premium-menu-link-parent\">Kontakt<\/a><\/li>\n<li id=\"premium-nav-menu-item-10633\" class=\"menu-item menu-item-type-custom menu-item-object-custom premium-nav-menu-item premium-item-anchor\"><a href=\"\/#team\" class=\"menu-link premium-menu-link premium-menu-link-parent\">Team<\/a><\/li>\n<li id=\"premium-nav-menu-item-10644\" class=\"menu-item menu-item-type-custom menu-item-object-custom premium-nav-menu-item premium-item-anchor\"><a href=\"\/#elternabc\" class=\"menu-link premium-menu-link premium-menu-link-parent\">Eltern-ABC<\/a><\/li>\n<li id=\"premium-nav-menu-item-10685\" class=\"menu-item menu-item-type-custom menu-item-object-custom premium-nav-menu-item premium-item-anchor\"><a href=\"\/#minischule\" class=\"menu-link premium-menu-link premium-menu-link-parent\">Minischule<\/a><\/li>\n<li id=\"premium-nav-menu-item-10696\" class=\"menu-item menu-item-type-custom menu-item-object-custom premium-nav-menu-item premium-item-anchor\"><a href=\"\/#foerdervereine\" class=\"menu-link premium-menu-link premium-menu-link-parent\">F\u00f6rdervereine<\/a><\/li>\n<\/ul>\t\t\t\t\t\t\t<\/div>\r\n\t\t\t\t\t\t\t\t\t\t\t<\/div>\r\n\t\t\t<\/div>\r\n\t\t\t\t<\/div>\n\t\t\t\t<\/div>\n\t\t\t\t\t\t<\/div>\n\t\t\t\t\t<\/div>\n\t\t<\/div>\n\t\t\t\t\t\t\t\t<\/div>\n\t\t\t\t\t<\/div>\n\t\t<\/section>\n\t\t\t\t\t\t<\/div>\n\t\t\t\t\t<\/div>\n\t\t<\/div>\n\t\t\t\t\t\t\t\t<\/div>\n\t\t\t\t\t<\/div>\n\t\t<\/section>\n\t\t\t\t<section class=\"elementor-section elementor-top-section elementor-element elementor-element-2462e434 elementor-section-boxed elementor-section-height-default elementor-section-height-default\" data-id=\"2462e434\" data-element_type=\"section\">\n\t\t\t\t\t\t<div class=\"elementor-container elementor-column-gap-default\">\n\t\t\t\t\t\t\t<div class=\"elementor-row\">\n\t\t\t\t\t<div class=\"elementor-column elementor-col-100 elementor-top-column elementor-element elementor-element-1f62a7b3\" data-id=\"1f62a7b3\" data-element_type=\"column\">\n\t\t\t<div class=\"elementor-column-wrap elementor-element-populated\">\n\t\t\t\t\t\t\t<div class=\"elementor-widget-wrap\">\n\t\t\t\t\t\t<div class=\"elementor-element elementor-element-37cd5c5d elementor-widget elementor-widget-text-editor\" data-id=\"37cd5c5d\" data-element_type=\"widget\" data-widget_type=\"text-editor.default\">\n\t\t\t\t<div class=\"elementor-widget-container\">\n\t\t\t\t\t\t\t\t<div class=\"elementor-text-editor elementor-clearfix\">\n\t\t\t\t<!-- wp:paragraph -->\n<p>Diese Datenschutzerkl\u00e4rung kl\u00e4rt Sie \u00fcber die Art, den Umfang und Zweck der Verarbeitung von personenbezogenen Daten (nachfolgend kurz \u201eDaten\u201c) innerhalb unseres Onlineangebotes und der mit ihm verbundenen Webseiten, Funktionen und Inhalte sowie externen Onlinepr\u00e4senzen, wie z.B. unser Social Media Profile auf (nachfolgend gemeinsam bezeichnet als \u201eOnlineangebot\u201c). Im Hinblick auf die verwendeten Begrifflichkeiten, wie z.B. \u201eVerarbeitung\u201c oder \u201eVerantwortlicher\u201c verweisen wir auf die Definitionen im Art. 4 der Datenschutzgrundverordnung (DSGVO). <\/p>\n<!-- \/wp:paragraph -->\n\n<!-- wp:heading {\"level\":3} -->\n<h3>Verantwortlicher gem. Art. 4 Nr. 7 EU-Datenschutz-Grundverordnung (EU-DSGVO) ist <\/h3>\n<!-- \/wp:heading -->\n\n<!-- wp:paragraph -->\n<p><strong>Grundschulverbund Merken-Hoven<\/strong><br>Schulleitung: Eva-Maria Rinkens-Seebal<br>Paulstra\u00dfe 64<br>52353 D\u00fcren<br>sekretariat@gsv-merken-hoven.de<\/p>\n<!-- \/wp:paragraph -->\n\n<!-- wp:paragraph -->\n<p>Die\/Den schulischen Datenschutzbeauftragten erreichen Sie unter oben genannter E-Mail-Adresse und Postadresse. <\/p>\n<!-- \/wp:paragraph -->\n\n<!-- wp:heading {\"level\":3} -->\n<h3>Schulamt D\u00fcren: <\/h3>\n<!-- \/wp:heading -->\n\n<!-- wp:paragraph -->\n<p>Die schulischen Datenschutzbeauftragten: <\/p>\n<!-- \/wp:paragraph -->\n\n<!-- wp:paragraph -->\n<p><strong>Andreas Ritter<\/strong><br>Tel: 02421\/206380 (Sekretariat seiner Schule)<br>E-Mail: a.ritter@kreis-dueren.de <\/p>\n<!-- \/wp:paragraph -->\n\n<!-- wp:paragraph -->\n<p><strong>Andreas Steinhoff<\/strong><br>Tel: 02451\/93129 (seine Schule)<br>E-Mail: datenschutz-schulen@kreis-dueren.de <\/p>\n<!-- \/wp:paragraph -->\n\n<!-- wp:heading {\"level\":3} -->\n<h3>Ihre Rechte als Nutzer<\/h3>\n<!-- \/wp:heading -->\n\n<!-- wp:paragraph -->\n<p>Sie haben nach Ma\u00dfgabe der Artikel 15, 16, 17, 18 und 21 EU-DSGVO gegen\u00fcber uns folgende Rechte hinsichtlich der Sie betreffenden personenbezogenen Daten: <\/p>\n<!-- \/wp:paragraph -->\n\n<!-- wp:paragraph -->\n<p>* Recht auf Auskunft <br>* Recht auf Berichtigung oder L\u00f6schung <br>* Recht auf Einschr\u00e4nkung der Verarbeitung <br>* Recht auf Widerspruch gegen die Verarbeitung <br>* Recht auf Daten\u00fcbertragbarkeit<\/p>\n<!-- \/wp:paragraph -->\n\n<!-- wp:paragraph -->\n<p>Wenn Sie der Auffassung sind, dass eine Verarbeitung Ihrer personenbezogenen Daten gegen Datenschutzrecht verst\u00f6\u00dft, bitten wir Sie zun\u00e4chst, sich bei uns zu melden. Sie haben das Recht, sich bei der zust\u00e4ndigen Aufsichtsbeh\u00f6rde zu beschweren, die Sie unter folgenden Kontaktdaten erreichen k\u00f6nnen:<\/p>\n<!-- \/wp:paragraph -->\n\n<!-- wp:paragraph -->\n<p>Landesbeauftragte f\u00fcr Datenschutz und Informationsfreiheit<br>Nordrhein-Westfalen<br>Postfach 20 04 44<br>40102 D\u00fcsseldorf<br>Tel.: 0211\/38424-0<br>Fax: 0211\/38424-10<br>E-Mail: poststelle@ldi.nrw.de<\/p>\n<!-- \/wp:paragraph -->\n\n<!-- wp:heading {\"level\":3} -->\n<h3>Hinweise zur Datenverarbeitung<\/h3>\n<!-- \/wp:heading -->\n\n<!-- wp:paragraph -->\n<p>(1) Bei dem Aufruf unserer Website werden personenbezogene Daten erhoben. Dies ist aus technischen Gr\u00fcnden erforderlich, um Ihnen unsere Website anzuzeigen und die Stabilit\u00e4t und Sicherheit zu gew\u00e4hrleisten. Rechtsgrundlage ist Art. 6 Abs. 1 S. 1 lit. e, Abs. 3 EU-DGSVO in Verbindung mit \u00a73 Abs. 1 Datenschutzgesetz Nordrhein-Westfalen (DSG NRW). <\/p>\n<!-- \/wp:paragraph -->\n\n<!-- wp:paragraph -->\n<p>Das Internetangebot der Schule wird bei \u201eGSF Systemhaus GmbH\u201c gehostet.<\/p>\n<!-- \/wp:paragraph -->\n\n<!-- wp:paragraph -->\n<p>GSF Systemhaus GmbH<br>Zeppelinstr. 26<br>50126 Bergheim <\/p>\n<!-- \/wp:paragraph -->\n\n<!-- wp:paragraph -->\n<p>Bei jedem Zugriff auf Inhalte des Internetangebotes werden dort personenbezogene Daten empfangen und vor\u00fcbergehend (f\u00fcr eine Dauer von 6 Monaten) \u00fcber sogenannte Protokoll- oder Log-Dateien gespeichert. <\/p>\n<!-- \/wp:paragraph -->\n\n<!-- wp:paragraph -->\n<p>Die folgenden Daten werden bei jedem Aufruf der Internetseite erhoben: <\/p>\n<!-- \/wp:paragraph -->\n\n<!-- wp:paragraph -->\n<p>* IP-Adresse<br>* Datum und Uhrzeit des Abrufs<br>* Inhalt der Anforderung (konkrete Seite)<br>* Zugriffsstatus\/HTTP-Statuscode<br>* jeweils \u00fcbertragene Datenmenge<br>* Website, von der die Anforderung kommt<br>* Browser<br>* Betriebssystem und dessen Oberfl\u00e4che<br>* Sprache und Version der Browsersoftware<\/p>\n<!-- \/wp:paragraph -->\n\n<!-- wp:paragraph -->\n<p>Wir weisen darauf hin, dass Betreiber von fremden Internetseiten, die vom Portal aus verlinkt werden, die Daten von Besucherinnen bzw. Besuchern dieser Internetseiten erheben und auswerten k\u00f6nnen. <\/p>\n<!-- \/wp:paragraph -->\n\n<!-- wp:paragraph -->\n<p>(2) Bei Ihrer Kontaktaufnahme mit uns per E-Mail m\u00fcssen die von Ihnen freiwillig mitgeteilten Daten (Ihre E-Mail-Adresse, ggf. Ihr Name und Ihre Telefonnummer) gespeichert werden, um Ihrem Anliegen entgegen kommen zu k\u00f6nnen. Rechtsgrundlage ist Art. 6 Abs. 1 S. 1 lit. e, Abs. 3 EU-DSGVO on Verbindung mit \u00a7 3 Abs. 1 Datenschutzgesetz Nordrhein-Westfalen (DSG NRW). <\/p>\n<!-- \/wp:paragraph -->\n\n<!-- wp:paragraph -->\n<p>Die von Ihnen angegebenen pers\u00f6nlichen Daten verwenden wir nur zu dem von Ihnen gew\u00fcnschten Zweck. Die in diesem Zusammenhang anfallenden Daten l\u00f6schen wir, nachdem die Speicherung nicht mehr erforderlich ist. <\/p>\n<!-- \/wp:paragraph -->\n\n<!-- wp:heading {\"level\":3} -->\n<h3>Cookies <\/h3>\n<!-- \/wp:heading -->\n\n<!-- wp:paragraph -->\n<p>Die Internetseiten verwenden teilweise so genannte Cookies. Cookies richten auf Ihrem Rechner keinen Schaden an und enthalten keine Viren. Cookies dienen dazu, unser Angebot nutzerfreundlicher, effektiver und sicherer zu machen. Cookies sind kleine Textdateien, die auf Ihrem Rechner abgelegt werden und die Ihr Browser speichert. Rechtsgrundlage ist Art. 6 Abs. 1 S. 1 lit. e, Abs. 3 EU-DGSVO in Verbindung mit \u00a7 3 Abs. 1 Datenschutzgesetz Nordrhein-Westfalen (DSG NRW).<\/p>\n<!-- \/wp:paragraph -->\n\n<!-- wp:paragraph -->\n<p>Die von uns verwendeten Cookies sind so genannte \u201eSession-Cookies\u201c. Sie werden nach Ende Ihres Besuchs automatisch gel\u00f6scht.<\/p>\n<!-- \/wp:paragraph -->\n\n<!-- wp:paragraph -->\n<p>Sie k\u00f6nnen Ihren Browser so einstellen, dass Sie \u00fcber das Setzen von Cookies informiert werden und Cookies nur im Einzelfall erlauben, die Annahme von Cookies f\u00fcr bestimmte F\u00e4lle oder generell ausschlie\u00dfen sowie das automatische L\u00f6schen der Cookies beim Schlie\u00dfen des Browser aktivieren. Bei der Deaktivierung von Cookies kann die Funktionalit\u00e4t dieser Website eingeschr\u00e4nkt sein.<\/p>\n<!-- \/wp:paragraph -->\t\t\t\t\t<\/div>\n\t\t\t\t\t\t<\/div>\n\t\t\t\t<\/div>\n\t\t\t\t\t\t<\/div>\n\t\t\t\t\t<\/div>\n\t\t<\/div>\n\t\t\t\t\t\t\t\t<\/div>\n\t\t\t\t\t<\/div>\n\t\t<\/section>\n\t\t\t\t<section class=\"elementor-section elementor-top-section elementor-element elementor-element-f7bd724 elementor-section-height-min-height elementor-section-content-middle elementor-section-full_width elementor-section-height-default elementor-section-items-middle\" data-id=\"f7bd724\" data-element_type=\"section\" data-settings=\"{&quot;background_background&quot;:&quot;classic&quot;}\">\n\t\t\t\t\t\t<div class=\"elementor-container elementor-column-gap-no\">\n\t\t\t\t\t\t\t<div class=\"elementor-row\">\n\t\t\t\t\t<div class=\"elementor-column elementor-col-100 elementor-top-column elementor-element elementor-element-90b08af\" data-id=\"90b08af\" data-element_type=\"column\">\n\t\t\t<div class=\"elementor-column-wrap elementor-element-populated\">\n\t\t\t\t\t\t\t<div class=\"elementor-widget-wrap\">\n\t\t\t\t\t\t<div class=\"elementor-element elementor-element-e2fe270 premium-nav-hor premium-nav-none premium-ham-dropdown elementor-widget elementor-widget-premium-nav-menu\" data-id=\"e2fe270\" data-element_type=\"widget\" data-settings=\"{&quot;submenu_icon&quot;:{&quot;value&quot;:&quot;fas fa-angle-down&quot;,&quot;library&quot;:&quot;fa-solid&quot;},&quot;submenu_item_icon&quot;:{&quot;value&quot;:&quot;&quot;,&quot;library&quot;:&quot;&quot;}}\" data-widget_type=\"premium-nav-menu.default\">\n\t\t\t\t<div class=\"elementor-widget-container\">\n\t\t\t\t\t\t<div data-settings=\"{&quot;breakpoint&quot;:1024,&quot;mobileLayout&quot;:&quot;dropdown&quot;,&quot;mainLayout&quot;:&quot;hor&quot;,&quot;stretchDropdown&quot;:false,&quot;hoverEffect&quot;:&quot;&quot;,&quot;submenuEvent&quot;:&quot;hover&quot;,&quot;submenuTrigger&quot;:null,&quot;closeAfterClick&quot;:false}\" class=\"premium-nav-widget-container premium-nav-pointer-none\" style=\"visibility:hidden; opacity:0;\">\r\n\t\t\t\t<div class=\"premium-ver-inner-container\">\r\n\t\t\t\t\t<div class=\"premium-hamburger-toggle premium-mobile-menu-icon\" role=\"button\" aria-label=\"Toggle Menu\">\r\n\t\t\t\t\t\t<span class=\"premium-toggle-text\">\r\n\t\t\t\t\t\t\t<i aria-hidden=\"true\" class=\"fas fa-bars\"><\/i>Menu\t\t\t\t\t\t<\/span>\r\n\t\t\t\t\t\t<span class=\"premium-toggle-close\">\r\n\t\t\t\t\t\t\t<i aria-hidden=\"true\" class=\"fas fa-times\"><\/i>Schlie\u00dfen\t\t\t\t\t\t<\/span>\r\n\t\t\t\t\t<\/div>\r\n\t\t\t\t\t\t\t\t\t\t\t\t<div class=\"premium-nav-menu-container premium-nav-default\">\r\n\t\t\t\t\t\t\t\t<ul id=\"menu-footer-menue\" class=\"premium-nav-menu premium-main-nav-menu\"><li id=\"premium-nav-menu-item-148\" class=\"menu-item menu-item-type-post_type menu-item-object-page premium-nav-menu-item\"><a href=\"https:\/\/gsv-merken-hoven.de\/index.php\/impressum\/\" class=\"menu-link premium-menu-link premium-menu-link-parent\">Impressum<\/a><\/li>\n<li id=\"premium-nav-menu-item-147\" class=\"menu-item menu-item-type-post_type menu-item-object-page premium-nav-menu-item\"><a href=\"https:\/\/gsv-merken-hoven.de\/index.php\/datenschutz\/\" class=\"menu-link premium-menu-link premium-menu-link-parent\">Datenschutz<\/a><\/li>\n<\/ul>\t\t\t\t\t\t\t<\/div>\r\n\t\t\t\t\t\t\t\t\t\t\t\t\t\t<div class=\"premium-mobile-menu-container\">\r\n\t\t\t\t\t\t\t\t<ul id=\"menu-footer-menue-1\" class=\"premium-mobile-menu premium-main-mobile-menu premium-main-nav-menu\"><li id=\"premium-nav-menu-item-1481\" class=\"menu-item menu-item-type-post_type menu-item-object-page premium-nav-menu-item\"><a href=\"https:\/\/gsv-merken-hoven.de\/index.php\/impressum\/\" class=\"menu-link premium-menu-link premium-menu-link-parent\">Impressum<\/a><\/li>\n<li id=\"premium-nav-menu-item-1472\" class=\"menu-item menu-item-type-post_type menu-item-object-page premium-nav-menu-item\"><a href=\"https:\/\/gsv-merken-hoven.de\/index.php\/datenschutz\/\" class=\"menu-link premium-menu-link premium-menu-link-parent\">Datenschutz<\/a><\/li>\n<\/ul>\t\t\t\t\t\t\t<\/div>\r\n\t\t\t\t\t\t\t\t\t\t\t<\/div>\r\n\t\t\t<\/div>\r\n\t\t\t\t<\/div>\n\t\t\t\t<\/div>\n\t\t\t\t\t\t<\/div>\n\t\t\t\t\t<\/div>\n\t\t<\/div>\n\t\t\t\t\t\t\t\t<\/div>\n\t\t\t\t\t<\/div>\n\t\t<\/section>\n\t\t\t\t\t\t\t\t\t<\/div>\n\t\t\t<\/div>\n\t\t\t\t\t<\/div>\n\t\t","protected":false},"excerpt":{"rendered":"<p>Menu Schlie\u00dfen \u00dcber Uns Kontakt Team Eltern-ABC Minischule F\u00f6rdervereine \u00dcber Uns Kontakt Team Eltern-ABC Minischule F\u00f6rdervereine Diese Datenschutzerkl\u00e4rung kl\u00e4rt Sie \u00fcber die Art, den Umfang und Zweck der Verarbeitung von personenbezogenen Daten (nachfolgend kurz \u201eDaten\u201c) innerhalb unseres Onlineangebotes und der mit ihm verbundenen Webseiten, Funktionen und Inhalte sowie externen Onlinepr\u00e4senzen, wie z.B. unser Social Media &hellip;<\/p>\n<p class=\"read-more\"> <a class=\"\" href=\"https:\/\/gsv-merken-hoven.de\/index.php\/datenschutz\/\"> <span class=\"screen-reader-text\">Datenschutz<\/span> Weiterlesen &raquo;<\/a><\/p>\n","protected":false},"author":1,"featured_media":0,"parent":0,"menu_order":0,"comment_status":"closed","ping_status":"closed","template":"elementor_canvas","meta":{"footnotes":""},"class_list":["post-144","page","type-page","status-publish","hentry"],"_links":{"self":[{"href":"https:\/\/gsv-merken-hoven.de\/index.php\/wp-json\/wp\/v2\/pages\/144","targetHints":{"allow":["GET"]}}],"collection":[{"href":"https:\/\/gsv-merken-hoven.de\/index.php\/wp-json\/wp\/v2\/pages"}],"about":[{"href":"https:\/\/gsv-merken-hoven.de\/index.php\/wp-json\/wp\/v2\/types\/page"}],"author":[{"embeddable":true,"href":"https:\/\/gsv-merken-hoven.de\/index.php\/wp-json\/wp\/v2\/users\/1"}],"replies":[{"embeddable":true,"href":"https:\/\/gsv-merken-hoven.de\/index.php\/wp-json\/wp\/v2\/comments?post=144"}],"version-history":[{"count":10,"href":"https:\/\/gsv-merken-hoven.de\/index.php\/wp-json\/wp\/v2\/pages\/144\/revisions"}],"predecessor-version":[{"id":1108,"href":"https:\/\/gsv-merken-hoven.de\/index.php\/wp-json\/wp\/v2\/pages\/144\/revisions\/1108"}],"wp:attachment":[{"href":"https:\/\/gsv-merken-hoven.de\/index.php\/wp-json\/wp\/v2\/media?parent=144"}],"curies":[{"name":"wp","href":"https:\/\/api.w.org\/{rel}","templated":true}]}}