{"id":142,"date":"2020-06-15T11:38:16","date_gmt":"2020-06-15T11:38:16","guid":{"rendered":"http:\/\/gsv-merken-hoven.de\/?page_id=142"},"modified":"2025-04-08T14:25:28","modified_gmt":"2025-04-08T14:25:28","slug":"impressum","status":"publish","type":"page","link":"https:\/\/gsv-merken-hoven.de\/index.php\/impressum\/","title":{"rendered":"Impressum"},"content":{"rendered":"\t\t<div data-elementor-type=\"wp-page\" data-elementor-id=\"142\" class=\"elementor elementor-142\">\n\t\t\t\t\t\t<div class=\"elementor-inner\">\n\t\t\t\t<div class=\"elementor-section-wrap\">\n\t\t\t\t\t\t\t\t\t<section class=\"elementor-section elementor-top-section elementor-element elementor-element-96b0d40 elementor-section-full_width elementor-section-height-default elementor-section-height-default\" data-id=\"96b0d40\" data-element_type=\"section\">\n\t\t\t\t\t\t<div class=\"elementor-container elementor-column-gap-default\">\n\t\t\t\t\t\t\t<div class=\"elementor-row\">\n\t\t\t\t\t<div class=\"elementor-column elementor-col-100 elementor-top-column elementor-element elementor-element-d2250c5\" data-id=\"d2250c5\" data-element_type=\"column\">\n\t\t\t<div class=\"elementor-column-wrap elementor-element-populated\">\n\t\t\t\t\t\t\t<div class=\"elementor-widget-wrap\">\n\t\t\t\t\t\t<section class=\"elementor-section elementor-inner-section elementor-element elementor-element-5327e1b elementor-section-full_width elementor-section-height-default elementor-section-height-default\" data-id=\"5327e1b\" data-element_type=\"section\">\n\t\t\t\t\t\t<div class=\"elementor-container elementor-column-gap-default\">\n\t\t\t\t\t\t\t<div class=\"elementor-row\">\n\t\t\t\t\t<div class=\"elementor-column elementor-col-50 elementor-inner-column elementor-element elementor-element-3544d27\" data-id=\"3544d27\" data-element_type=\"column\">\n\t\t\t<div class=\"elementor-column-wrap elementor-element-populated\">\n\t\t\t\t\t\t\t<div class=\"elementor-widget-wrap\">\n\t\t\t\t\t\t<div class=\"elementor-element elementor-element-2b04389 elementor-widget elementor-widget-image\" data-id=\"2b04389\" data-element_type=\"widget\" data-widget_type=\"image.default\">\n\t\t\t\t<div class=\"elementor-widget-container\">\n\t\t\t\t\t\t\t\t<div class=\"elementor-image\">\n\t\t\t\t\t\t\t\t\t\t\t\t<img loading=\"lazy\" decoding=\"async\" width=\"500\" height=\"211\" src=\"https:\/\/gsv-merken-hoven.de\/wp-content\/uploads\/2020\/06\/gsv-merken-hoven-150x63.png\" class=\"attachment-large size-large\" alt=\"\" srcset=\"https:\/\/gsv-merken-hoven.de\/wp-content\/uploads\/2020\/06\/gsv-merken-hoven.png 500w, https:\/\/gsv-merken-hoven.de\/wp-content\/uploads\/2020\/06\/gsv-merken-hoven-300x127.png 300w, https:\/\/gsv-merken-hoven.de\/wp-content\/uploads\/2020\/06\/gsv-merken-hoven-150x63.png 150w\" sizes=\"auto, (max-width: 500px) 100vw, 500px\" \/>\t\t\t\t\t\t\t\t\t\t\t\t\t\t<\/div>\n\t\t\t\t\t\t<\/div>\n\t\t\t\t<\/div>\n\t\t\t\t\t\t<\/div>\n\t\t\t\t\t<\/div>\n\t\t<\/div>\n\t\t\t\t<div class=\"elementor-column elementor-col-50 elementor-inner-column elementor-element elementor-element-9bf5f50\" data-id=\"9bf5f50\" data-element_type=\"column\">\n\t\t\t<div class=\"elementor-column-wrap elementor-element-populated\">\n\t\t\t\t\t\t\t<div class=\"elementor-widget-wrap\">\n\t\t\t\t\t\t<div class=\"elementor-element elementor-element-994b72e premium-nav-hor premium-nav-none premium-ham-dropdown elementor-widget elementor-widget-premium-nav-menu\" data-id=\"994b72e\" data-element_type=\"widget\" data-settings=\"{&quot;submenu_icon&quot;:{&quot;value&quot;:&quot;fas fa-angle-down&quot;,&quot;library&quot;:&quot;fa-solid&quot;},&quot;submenu_item_icon&quot;:{&quot;value&quot;:&quot;&quot;,&quot;library&quot;:&quot;&quot;}}\" data-widget_type=\"premium-nav-menu.default\">\n\t\t\t\t<div class=\"elementor-widget-container\">\n\t\t\t\t\t\t<div data-settings=\"{&quot;breakpoint&quot;:1024,&quot;mobileLayout&quot;:&quot;dropdown&quot;,&quot;mainLayout&quot;:&quot;hor&quot;,&quot;stretchDropdown&quot;:false,&quot;hoverEffect&quot;:&quot;&quot;,&quot;submenuEvent&quot;:&quot;hover&quot;,&quot;submenuTrigger&quot;:null,&quot;closeAfterClick&quot;:false}\" class=\"premium-nav-widget-container premium-nav-pointer-none\" style=\"visibility:hidden; opacity:0;\">\r\n\t\t\t\t<div class=\"premium-ver-inner-container\">\r\n\t\t\t\t\t<div class=\"premium-hamburger-toggle premium-mobile-menu-icon\" role=\"button\" aria-label=\"Toggle Menu\">\r\n\t\t\t\t\t\t<span class=\"premium-toggle-text\">\r\n\t\t\t\t\t\t\t<i aria-hidden=\"true\" class=\"fas fa-bars\"><\/i>Menu\t\t\t\t\t\t<\/span>\r\n\t\t\t\t\t\t<span class=\"premium-toggle-close\">\r\n\t\t\t\t\t\t\t<i aria-hidden=\"true\" class=\"fas fa-times\"><\/i>Schlie\u00dfen\t\t\t\t\t\t<\/span>\r\n\t\t\t\t\t<\/div>\r\n\t\t\t\t\t\t\t\t\t\t\t\t<div class=\"premium-nav-menu-container premium-nav-default\">\r\n\t\t\t\t\t\t\t\t<ul id=\"menu-main-neu\" class=\"premium-nav-menu premium-main-nav-menu\"><li id=\"premium-nav-menu-item-1061\" class=\"menu-item menu-item-type-custom menu-item-object-custom premium-nav-menu-item premium-item-anchor\"><a href=\"\/#ueberuns\" class=\"menu-link premium-menu-link premium-menu-link-parent\">\u00dcber Uns<\/a><\/li>\n<li id=\"premium-nav-menu-item-1062\" class=\"menu-item menu-item-type-custom menu-item-object-custom premium-nav-menu-item premium-item-anchor\"><a href=\"\/#kontakt\" class=\"menu-link premium-menu-link premium-menu-link-parent\">Kontakt<\/a><\/li>\n<li id=\"premium-nav-menu-item-1063\" class=\"menu-item menu-item-type-custom menu-item-object-custom premium-nav-menu-item premium-item-anchor\"><a href=\"\/#team\" class=\"menu-link premium-menu-link premium-menu-link-parent\">Team<\/a><\/li>\n<li id=\"premium-nav-menu-item-1064\" class=\"menu-item menu-item-type-custom menu-item-object-custom premium-nav-menu-item premium-item-anchor\"><a href=\"\/#elternabc\" class=\"menu-link premium-menu-link premium-menu-link-parent\">Eltern-ABC<\/a><\/li>\n<li id=\"premium-nav-menu-item-1068\" class=\"menu-item menu-item-type-custom menu-item-object-custom premium-nav-menu-item premium-item-anchor\"><a href=\"\/#minischule\" class=\"menu-link premium-menu-link premium-menu-link-parent\">Minischule<\/a><\/li>\n<li id=\"premium-nav-menu-item-1069\" class=\"menu-item menu-item-type-custom menu-item-object-custom premium-nav-menu-item premium-item-anchor\"><a href=\"\/#foerdervereine\" class=\"menu-link premium-menu-link premium-menu-link-parent\">F\u00f6rdervereine<\/a><\/li>\n<\/ul>\t\t\t\t\t\t\t<\/div>\r\n\t\t\t\t\t\t\t\t\t\t\t\t\t\t<div class=\"premium-mobile-menu-container\">\r\n\t\t\t\t\t\t\t\t<ul id=\"menu-main-neu-1\" class=\"premium-mobile-menu premium-main-mobile-menu premium-main-nav-menu\"><li id=\"premium-nav-menu-item-10611\" class=\"menu-item menu-item-type-custom menu-item-object-custom premium-nav-menu-item premium-item-anchor\"><a href=\"\/#ueberuns\" class=\"menu-link premium-menu-link premium-menu-link-parent\">\u00dcber Uns<\/a><\/li>\n<li id=\"premium-nav-menu-item-10622\" class=\"menu-item menu-item-type-custom menu-item-object-custom premium-nav-menu-item premium-item-anchor\"><a href=\"\/#kontakt\" class=\"menu-link premium-menu-link premium-menu-link-parent\">Kontakt<\/a><\/li>\n<li id=\"premium-nav-menu-item-10633\" class=\"menu-item menu-item-type-custom menu-item-object-custom premium-nav-menu-item premium-item-anchor\"><a href=\"\/#team\" class=\"menu-link premium-menu-link premium-menu-link-parent\">Team<\/a><\/li>\n<li id=\"premium-nav-menu-item-10644\" class=\"menu-item menu-item-type-custom menu-item-object-custom premium-nav-menu-item premium-item-anchor\"><a href=\"\/#elternabc\" class=\"menu-link premium-menu-link premium-menu-link-parent\">Eltern-ABC<\/a><\/li>\n<li id=\"premium-nav-menu-item-10685\" class=\"menu-item menu-item-type-custom menu-item-object-custom premium-nav-menu-item premium-item-anchor\"><a href=\"\/#minischule\" class=\"menu-link premium-menu-link premium-menu-link-parent\">Minischule<\/a><\/li>\n<li id=\"premium-nav-menu-item-10696\" class=\"menu-item menu-item-type-custom menu-item-object-custom premium-nav-menu-item premium-item-anchor\"><a href=\"\/#foerdervereine\" class=\"menu-link premium-menu-link premium-menu-link-parent\">F\u00f6rdervereine<\/a><\/li>\n<\/ul>\t\t\t\t\t\t\t<\/div>\r\n\t\t\t\t\t\t\t\t\t\t\t<\/div>\r\n\t\t\t<\/div>\r\n\t\t\t\t<\/div>\n\t\t\t\t<\/div>\n\t\t\t\t\t\t<\/div>\n\t\t\t\t\t<\/div>\n\t\t<\/div>\n\t\t\t\t\t\t\t\t<\/div>\n\t\t\t\t\t<\/div>\n\t\t<\/section>\n\t\t\t\t\t\t<\/div>\n\t\t\t\t\t<\/div>\n\t\t<\/div>\n\t\t\t\t\t\t\t\t<\/div>\n\t\t\t\t\t<\/div>\n\t\t<\/section>\n\t\t\t\t<section class=\"elementor-section elementor-top-section elementor-element elementor-element-20b9af5a elementor-section-boxed elementor-section-height-default elementor-section-height-default\" data-id=\"20b9af5a\" data-element_type=\"section\">\n\t\t\t\t\t\t<div class=\"elementor-container elementor-column-gap-default\">\n\t\t\t\t\t\t\t<div class=\"elementor-row\">\n\t\t\t\t\t<div class=\"elementor-column elementor-col-100 elementor-top-column elementor-element elementor-element-5a25d775\" data-id=\"5a25d775\" data-element_type=\"column\">\n\t\t\t<div class=\"elementor-column-wrap elementor-element-populated\">\n\t\t\t\t\t\t\t<div class=\"elementor-widget-wrap\">\n\t\t\t\t\t\t<div class=\"elementor-element elementor-element-5c5caaf4 elementor-widget elementor-widget-text-editor\" data-id=\"5c5caaf4\" data-element_type=\"widget\" data-widget_type=\"text-editor.default\">\n\t\t\t\t<div class=\"elementor-widget-container\">\n\t\t\t\t\t\t\t\t<div class=\"elementor-text-editor elementor-clearfix\">\n\t\t\t\t<p><strong>Angaben gem\u00e4\u00df \u00a7 5 TMG<\/strong><\/p>\n<p><!-- \/wp:paragraph --><\/p>\n<p><!-- wp:paragraph --><\/p>\n<p>Schulleitung: Eva-Maria Rinkens-Seebald<\/p>\n<p><!-- \/wp:paragraph --><\/p>\n<p><!-- wp:paragraph --><\/p>\n<p>Grundschulverbund Merken-Hoven<br \/>Paulstra\u00dfe 64<br \/>52353 D\u00fcren<\/p>\n<p><!-- \/wp:paragraph --><\/p>\n<p><!-- wp:paragraph --><\/p>\n<p>Tel.: 02421 88224<br \/>EMail:\u00a0<a href=\"mailto:sekretariat@gsv-merken-hoven.de\">sekretariat@gsv-merken-hoven.de<\/a><\/p>\n<p><!-- \/wp:paragraph --><\/p>\n<p><!-- wp:heading {\"level\":3} --><\/p>\n<h3>Diensteanbieter im Sinne des RStV\/TMG:<\/h3>\n<p><!-- \/wp:heading --><\/p>\n<p><!-- wp:paragraph --><\/p>\n<p>Schultr\u00e4ger: Stadt D\u00fcren<br \/>Vertreten durch: B\u00fcrgermeister Frank Peter Ulrich<br \/>Kaiserplatz 2-4<br \/>52349 D\u00fcren<br \/>Tel.: 02421 25-2202<br \/>Fax: 02421 25-2257<\/p>\n<p><!-- \/wp:paragraph --><\/p>\n<p><!-- wp:heading {\"level\":3} --><\/p>\n<h3>Bilder:<\/h3>\n<p><!-- \/wp:heading --><\/p>\n<p><!-- wp:table --><\/p>\n<figure class=\"wp-block-table\">\n<table>\n<tbody>\n<tr>\n<td>\u00a9 WavebreakmediaMicro \u2013 stock.adobe.com<br \/>\u00a9 Olesia Bilkei \u2013 stock.adobe.com<br \/>\u00a9 New Africa \u2013 stock.adobe.com<\/td>\n<\/tr>\n<\/tbody>\n<\/table>\n<\/figure>\n<p><!-- \/wp:table --><\/p>\n<p><!-- wp:heading {\"level\":3} --><\/p>\n<h3>Design und Umsetzung:<\/h3>\n<div><a href=\"https:\/\/it-linx.de\" target=\"_blank\" rel=\"noopener\">IT-Linx GmbH<\/a><br \/><br \/><\/div>\n<h3>Haftungsausschluss (Disclaimer)<\/h3>\n<p><!-- \/wp:heading --><\/p>\n<p><!-- wp:paragraph --><\/p>\n<p><strong>Haftung f\u00fcr Inhalte<\/strong><\/p>\n<p><!-- \/wp:paragraph --><\/p>\n<p><!-- wp:paragraph --><\/p>\n<p>Als Diensteanbieter sind wir gem\u00e4\u00df \u00a7 7 Abs.1 TMG f\u00fcr eigene Inhalte auf diesen Seiten nach den allgemeinen Gesetzen verantwortlich. Nach \u00a7\u00a7 8 bis 10 TMG sind wir als Diensteanbieter jedoch nicht verpflichtet, \u00fcbermittelte oder gespeicherte fremde Informationen zu \u00fcberwachen oder nach Umst\u00e4nden zu forschen, die auf eine rechtswidrige T\u00e4tigkeit hinweisen. Verpflichtungen zur Entfernung oder Sperrung der Nutzung von Informationen nach den allgemeinen Gesetzen bleiben hiervon unber\u00fchrt. Eine diesbez\u00fcgliche Haftung ist jedoch erst ab dem Zeitpunkt der Kenntnis einer konkreten Rechtsverletzung m\u00f6glich. Bei Bekanntwerden von entsprechenden Rechtsverletzungen werden wir diese Inhalte umgehend entfernen.<\/p>\n<p><!-- \/wp:paragraph --><\/p>\n<p><!-- wp:paragraph --><\/p>\n<p><strong>Haftung f\u00fcr Links<\/strong><\/p>\n<p><!-- \/wp:paragraph --><\/p>\n<p><!-- wp:paragraph --><\/p>\n<p>Unser Angebot enth\u00e4lt Links zu externen Webseiten Dritter, auf deren Inhalte wir keinen Einfluss haben. Deshalb k\u00f6nnen wir f\u00fcr diese fremden Inhalte auch keine Gew\u00e4hr \u00fcbernehmen. F\u00fcr die Inhalte der verlinkten Seiten ist stets der jeweilige Anbieter oder Betreiber der Seiten verantwortlich. Die verlinkten Seiten wurden zum Zeitpunkt der Verlinkung auf m\u00f6gliche Rechtsverst\u00f6\u00dfe \u00fcberpr\u00fcft. Rechtswidrige Inhalte waren zum Zeitpunkt der Verlinkung nicht erkennbar. Eine permanente inhaltliche Kontrolle der verlinkten Seiten ist jedoch ohne konkrete Anhaltspunkte einer Rechtsverletzung nicht zumutbar. Bei Bekanntwerden von Rechtsverletzungen werden wir derartige Links umgehend entfernen.<\/p>\n<p><!-- \/wp:paragraph --><\/p>\n<p><!-- wp:paragraph --><\/p>\n<p><strong>Urheberrecht<\/strong><\/p>\n<p><!-- \/wp:paragraph --><\/p>\n<p><!-- wp:paragraph --><\/p>\n<p>Die durch die Seitenbetreiber erstellten Inhalte und Werke auf diesen Seiten unterliegen dem deutschen Urheberrecht. Die Vervielf\u00e4ltigung, Bearbeitung, Verbreitung und jede Art der Verwertung au\u00dferhalb der Grenzen des Urheberrechtes bed\u00fcrfen der schriftlichen Zustimmung des jeweiligen Autors bzw. Erstellers. Downloads und Kopien dieser Seite sind nur f\u00fcr den privaten, nicht kommerziellen Gebrauch gestattet. Soweit die Inhalte auf dieser Seite nicht vom Betreiber erstellt wurden, werden die Urheberrechte Dritter beachtet. Insbesondere werden Inhalte Dritter als solche gekennzeichnet. Sollten Sie trotzdem auf eine Urheberrechtsverletzung aufmerksam werden, bitten wir um einen entsprechenden Hinweis. Bei Bekanntwerden von Rechtsverletzungen werden wir derartige Inhalte umgehend entfernen.<\/p>\n<p><!-- \/wp:paragraph --><\/p>\t\t\t\t\t<\/div>\n\t\t\t\t\t\t<\/div>\n\t\t\t\t<\/div>\n\t\t\t\t\t\t<\/div>\n\t\t\t\t\t<\/div>\n\t\t<\/div>\n\t\t\t\t\t\t\t\t<\/div>\n\t\t\t\t\t<\/div>\n\t\t<\/section>\n\t\t\t\t<section class=\"elementor-section elementor-top-section elementor-element elementor-element-d2bc635 elementor-section-height-min-height elementor-section-content-middle elementor-section-full_width elementor-section-height-default elementor-section-items-middle\" data-id=\"d2bc635\" data-element_type=\"section\" data-settings=\"{&quot;background_background&quot;:&quot;classic&quot;}\">\n\t\t\t\t\t\t<div class=\"elementor-container elementor-column-gap-no\">\n\t\t\t\t\t\t\t<div class=\"elementor-row\">\n\t\t\t\t\t<div class=\"elementor-column elementor-col-100 elementor-top-column elementor-element elementor-element-58229cd\" data-id=\"58229cd\" data-element_type=\"column\">\n\t\t\t<div class=\"elementor-column-wrap elementor-element-populated\">\n\t\t\t\t\t\t\t<div class=\"elementor-widget-wrap\">\n\t\t\t\t\t\t<div class=\"elementor-element elementor-element-bb05946 premium-nav-hor premium-nav-none premium-ham-dropdown elementor-widget elementor-widget-premium-nav-menu\" data-id=\"bb05946\" data-element_type=\"widget\" data-settings=\"{&quot;submenu_icon&quot;:{&quot;value&quot;:&quot;fas fa-angle-down&quot;,&quot;library&quot;:&quot;fa-solid&quot;},&quot;submenu_item_icon&quot;:{&quot;value&quot;:&quot;&quot;,&quot;library&quot;:&quot;&quot;}}\" data-widget_type=\"premium-nav-menu.default\">\n\t\t\t\t<div class=\"elementor-widget-container\">\n\t\t\t\t\t\t<div data-settings=\"{&quot;breakpoint&quot;:1024,&quot;mobileLayout&quot;:&quot;dropdown&quot;,&quot;mainLayout&quot;:&quot;hor&quot;,&quot;stretchDropdown&quot;:false,&quot;hoverEffect&quot;:&quot;&quot;,&quot;submenuEvent&quot;:&quot;hover&quot;,&quot;submenuTrigger&quot;:null,&quot;closeAfterClick&quot;:false}\" class=\"premium-nav-widget-container premium-nav-pointer-none\" style=\"visibility:hidden; opacity:0;\">\r\n\t\t\t\t<div class=\"premium-ver-inner-container\">\r\n\t\t\t\t\t<div class=\"premium-hamburger-toggle premium-mobile-menu-icon\" role=\"button\" aria-label=\"Toggle Menu\">\r\n\t\t\t\t\t\t<span class=\"premium-toggle-text\">\r\n\t\t\t\t\t\t\t<i aria-hidden=\"true\" class=\"fas fa-bars\"><\/i>Menu\t\t\t\t\t\t<\/span>\r\n\t\t\t\t\t\t<span class=\"premium-toggle-close\">\r\n\t\t\t\t\t\t\t<i aria-hidden=\"true\" class=\"fas fa-times\"><\/i>Schlie\u00dfen\t\t\t\t\t\t<\/span>\r\n\t\t\t\t\t<\/div>\r\n\t\t\t\t\t\t\t\t\t\t\t\t<div class=\"premium-nav-menu-container premium-nav-default\">\r\n\t\t\t\t\t\t\t\t<ul id=\"menu-footer-menue\" class=\"premium-nav-menu premium-main-nav-menu\"><li id=\"premium-nav-menu-item-148\" class=\"menu-item menu-item-type-post_type menu-item-object-page premium-nav-menu-item\"><a href=\"https:\/\/gsv-merken-hoven.de\/index.php\/impressum\/\" class=\"menu-link premium-menu-link premium-menu-link-parent\">Impressum<\/a><\/li>\n<li id=\"premium-nav-menu-item-147\" class=\"menu-item menu-item-type-post_type menu-item-object-page premium-nav-menu-item\"><a href=\"https:\/\/gsv-merken-hoven.de\/index.php\/datenschutz\/\" class=\"menu-link premium-menu-link premium-menu-link-parent\">Datenschutz<\/a><\/li>\n<\/ul>\t\t\t\t\t\t\t<\/div>\r\n\t\t\t\t\t\t\t\t\t\t\t\t\t\t<div class=\"premium-mobile-menu-container\">\r\n\t\t\t\t\t\t\t\t<ul id=\"menu-footer-menue-1\" class=\"premium-mobile-menu premium-main-mobile-menu premium-main-nav-menu\"><li id=\"premium-nav-menu-item-1481\" class=\"menu-item menu-item-type-post_type menu-item-object-page premium-nav-menu-item\"><a href=\"https:\/\/gsv-merken-hoven.de\/index.php\/impressum\/\" class=\"menu-link premium-menu-link premium-menu-link-parent\">Impressum<\/a><\/li>\n<li id=\"premium-nav-menu-item-1472\" class=\"menu-item menu-item-type-post_type menu-item-object-page premium-nav-menu-item\"><a href=\"https:\/\/gsv-merken-hoven.de\/index.php\/datenschutz\/\" class=\"menu-link premium-menu-link premium-menu-link-parent\">Datenschutz<\/a><\/li>\n<\/ul>\t\t\t\t\t\t\t<\/div>\r\n\t\t\t\t\t\t\t\t\t\t\t<\/div>\r\n\t\t\t<\/div>\r\n\t\t\t\t<\/div>\n\t\t\t\t<\/div>\n\t\t\t\t\t\t<\/div>\n\t\t\t\t\t<\/div>\n\t\t<\/div>\n\t\t\t\t\t\t\t\t<\/div>\n\t\t\t\t\t<\/div>\n\t\t<\/section>\n\t\t\t\t\t\t\t\t\t<\/div>\n\t\t\t<\/div>\n\t\t\t\t\t<\/div>\n\t\t","protected":false},"excerpt":{"rendered":"<p>Menu Schlie\u00dfen \u00dcber Uns Kontakt Team Eltern-ABC Minischule F\u00f6rdervereine \u00dcber Uns Kontakt Team Eltern-ABC Minischule F\u00f6rdervereine Angaben gem\u00e4\u00df \u00a7 5 TMG Schulleitung: Eva-Maria Rinkens-Seebald Grundschulverbund Merken-HovenPaulstra\u00dfe 6452353 D\u00fcren Tel.: 02421 88224EMail:\u00a0sekretariat@gsv-merken-hoven.de Diensteanbieter im Sinne des RStV\/TMG: Schultr\u00e4ger: Stadt D\u00fcrenVertreten durch: B\u00fcrgermeister Frank Peter UlrichKaiserplatz 2-452349 D\u00fcrenTel.: 02421 25-2202Fax: 02421 25-2257 Bilder: \u00a9 WavebreakmediaMicro \u2013 stock.adobe.com\u00a9 &hellip;<\/p>\n<p class=\"read-more\"> <a class=\"\" href=\"https:\/\/gsv-merken-hoven.de\/index.php\/impressum\/\"> <span class=\"screen-reader-text\">Impressum<\/span> Weiterlesen &raquo;<\/a><\/p>\n","protected":false},"author":1,"featured_media":0,"parent":0,"menu_order":0,"comment_status":"closed","ping_status":"closed","template":"elementor_canvas","meta":{"footnotes":""},"class_list":["post-142","page","type-page","status-publish","hentry"],"_links":{"self":[{"href":"https:\/\/gsv-merken-hoven.de\/index.php\/wp-json\/wp\/v2\/pages\/142","targetHints":{"allow":["GET"]}}],"collection":[{"href":"https:\/\/gsv-merken-hoven.de\/index.php\/wp-json\/wp\/v2\/pages"}],"about":[{"href":"https:\/\/gsv-merken-hoven.de\/index.php\/wp-json\/wp\/v2\/types\/page"}],"author":[{"embeddable":true,"href":"https:\/\/gsv-merken-hoven.de\/index.php\/wp-json\/wp\/v2\/users\/1"}],"replies":[{"embeddable":true,"href":"https:\/\/gsv-merken-hoven.de\/index.php\/wp-json\/wp\/v2\/comments?post=142"}],"version-history":[{"count":21,"href":"https:\/\/gsv-merken-hoven.de\/index.php\/wp-json\/wp\/v2\/pages\/142\/revisions"}],"predecessor-version":[{"id":1082,"href":"https:\/\/gsv-merken-hoven.de\/index.php\/wp-json\/wp\/v2\/pages\/142\/revisions\/1082"}],"wp:attachment":[{"href":"https:\/\/gsv-merken-hoven.de\/index.php\/wp-json\/wp\/v2\/media?parent=142"}],"curies":[{"name":"wp","href":"https:\/\/api.w.org\/{rel}","templated":true}]}}