{"id":102,"date":"2020-06-15T10:46:11","date_gmt":"2020-06-15T10:46:11","guid":{"rendered":"http:\/\/gsv-merken-hoven.de\/?page_id=102"},"modified":"2023-06-02T15:51:25","modified_gmt":"2023-06-02T15:51:25","slug":"schulsozialarbeit","status":"publish","type":"page","link":"https:\/\/gsv-merken-hoven.de\/index.php\/schulsozialarbeit\/","title":{"rendered":"Schulsozialarbeit"},"content":{"rendered":"\t\t<div data-elementor-type=\"wp-page\" data-elementor-id=\"102\" class=\"elementor elementor-102\">\n\t\t\t\t\t\t<div class=\"elementor-inner\">\n\t\t\t\t<div class=\"elementor-section-wrap\">\n\t\t\t\t\t\t\t\t\t<section class=\"elementor-section elementor-top-section elementor-element elementor-element-10af4310 elementor-section-full_width elementor-section-height-default elementor-section-height-default\" data-id=\"10af4310\" data-element_type=\"section\">\n\t\t\t\t\t\t<div class=\"elementor-container elementor-column-gap-no\">\n\t\t\t\t\t\t\t<div class=\"elementor-row\">\n\t\t\t\t\t<div class=\"elementor-column elementor-col-100 elementor-top-column elementor-element elementor-element-5acc0b4d\" data-id=\"5acc0b4d\" data-element_type=\"column\">\n\t\t\t<div class=\"elementor-column-wrap elementor-element-populated\">\n\t\t\t\t\t\t\t<div class=\"elementor-widget-wrap\">\n\t\t\t\t\t\t<div class=\"elementor-element elementor-element-36fe275e elementor-arrows-position-inside elementor-widget elementor-widget-image-carousel\" data-id=\"36fe275e\" data-element_type=\"widget\" data-settings=\"{&quot;navigation&quot;:&quot;arrows&quot;,&quot;slides_to_show&quot;:&quot;1&quot;,&quot;effect&quot;:&quot;fade&quot;,&quot;speed&quot;:1000,&quot;autoplay&quot;:&quot;yes&quot;,&quot;pause_on_hover&quot;:&quot;yes&quot;,&quot;pause_on_interaction&quot;:&quot;yes&quot;,&quot;autoplay_speed&quot;:5000,&quot;infinite&quot;:&quot;yes&quot;}\" data-widget_type=\"image-carousel.default\">\n\t\t\t\t<div class=\"elementor-widget-container\">\n\t\t\t\t\t<div class=\"elementor-image-carousel-wrapper swiper-container\" dir=\"ltr\">\n\t\t\t<div class=\"elementor-image-carousel swiper-wrapper swiper-image-stretch\">\n\t\t\t\t\t\t\t\t<div class=\"swiper-slide\"><figure class=\"swiper-slide-inner\"><img decoding=\"async\" class=\"swiper-slide-image\" src=\"https:\/\/gsv-merken-hoven.de\/wp-content\/uploads\/2020\/06\/slide-1.jpg\" alt=\"slide-1\" \/><\/figure><\/div><div class=\"swiper-slide\"><figure class=\"swiper-slide-inner\"><img decoding=\"async\" class=\"swiper-slide-image\" src=\"https:\/\/gsv-merken-hoven.de\/wp-content\/uploads\/2020\/06\/slide-2.jpg\" alt=\"slide-2\" \/><\/figure><\/div><div class=\"swiper-slide\"><figure class=\"swiper-slide-inner\"><img decoding=\"async\" class=\"swiper-slide-image\" src=\"https:\/\/gsv-merken-hoven.de\/wp-content\/uploads\/2020\/06\/slide-3.jpg\" alt=\"slide-3\" \/><\/figure><\/div>\t\t\t<\/div>\n\t\t\t\t\t\t\t\t\t\t\t\t\t\t\t\t<div class=\"elementor-swiper-button elementor-swiper-button-prev\">\n\t\t\t\t\t\t<i aria-hidden=\"true\" class=\"eicon-chevron-left\"><\/i>\t\t\t\t\t\t<span class=\"elementor-screen-only\">Zur\u00fcck<\/span>\n\t\t\t\t\t<\/div>\n\t\t\t\t\t<div class=\"elementor-swiper-button elementor-swiper-button-next\">\n\t\t\t\t\t\t<i aria-hidden=\"true\" class=\"eicon-chevron-right\"><\/i>\t\t\t\t\t\t<span class=\"elementor-screen-only\">Weiter<\/span>\n\t\t\t\t\t<\/div>\n\t\t\t\t\t\t\t\t\t<\/div>\n\t\t\t\t<\/div>\n\t\t\t\t<\/div>\n\t\t\t\t\t\t<\/div>\n\t\t\t\t\t<\/div>\n\t\t<\/div>\n\t\t\t\t\t\t\t\t<\/div>\n\t\t\t\t\t<\/div>\n\t\t<\/section>\n\t\t\t\t<section class=\"elementor-section elementor-top-section elementor-element elementor-element-b580533 elementor-section-boxed elementor-section-height-default elementor-section-height-default\" data-id=\"b580533\" data-element_type=\"section\">\n\t\t\t\t\t\t<div class=\"elementor-container elementor-column-gap-default\">\n\t\t\t\t\t\t\t<div class=\"elementor-row\">\n\t\t\t\t\t<div class=\"elementor-column elementor-col-100 elementor-top-column elementor-element elementor-element-5094895\" data-id=\"5094895\" data-element_type=\"column\">\n\t\t\t<div class=\"elementor-column-wrap elementor-element-populated\">\n\t\t\t\t\t\t\t<div class=\"elementor-widget-wrap\">\n\t\t\t\t\t\t<div class=\"elementor-element elementor-element-6452120 elementor-widget elementor-widget-heading\" data-id=\"6452120\" data-element_type=\"widget\" data-widget_type=\"heading.default\">\n\t\t\t\t<div class=\"elementor-widget-container\">\n\t\t\t<p class=\"elementor-heading-title elementor-size-default\">Unsere Schule<\/p>\t\t<\/div>\n\t\t\t\t<\/div>\n\t\t\t\t<div class=\"elementor-element elementor-element-33eaa7a elementor-widget elementor-widget-heading\" data-id=\"33eaa7a\" data-element_type=\"widget\" data-widget_type=\"heading.default\">\n\t\t\t\t<div class=\"elementor-widget-container\">\n\t\t\t<h1 class=\"elementor-heading-title elementor-size-default\">Arbeitsfelder der Sozialp\u00e4dagogik in der Schuleingangsphase<\/h1>\t\t<\/div>\n\t\t\t\t<\/div>\n\t\t\t\t\t\t<\/div>\n\t\t\t\t\t<\/div>\n\t\t<\/div>\n\t\t\t\t\t\t\t\t<\/div>\n\t\t\t\t\t<\/div>\n\t\t<\/section>\n\t\t\t\t<section class=\"elementor-section elementor-top-section elementor-element elementor-element-a4a0d1d elementor-section-boxed elementor-section-height-default elementor-section-height-default\" data-id=\"a4a0d1d\" data-element_type=\"section\">\n\t\t\t\t\t\t<div class=\"elementor-container elementor-column-gap-default\">\n\t\t\t\t\t\t\t<div class=\"elementor-row\">\n\t\t\t\t\t<div class=\"elementor-column elementor-col-100 elementor-top-column elementor-element elementor-element-af482ad\" data-id=\"af482ad\" data-element_type=\"column\">\n\t\t\t<div class=\"elementor-column-wrap elementor-element-populated\">\n\t\t\t\t\t\t\t<div class=\"elementor-widget-wrap\">\n\t\t\t\t\t\t<div class=\"elementor-element elementor-element-93c04cb elementor-widget elementor-widget-text-editor\" data-id=\"93c04cb\" data-element_type=\"widget\" data-widget_type=\"text-editor.default\">\n\t\t\t\t<div class=\"elementor-widget-container\">\n\t\t\t\t\t\t\t\t<div class=\"elementor-text-editor elementor-clearfix\">\n\t\t\t\t<h3 style=\"text-align: center;\">Sozialp\u00e4dagogik in der Schuleingangsphase<\/h3>\n<ul>\n<li><b>Begleitung des Unterrichts im Klassenverband, Teamteaching<br><\/b>Bei jungen Schulkindern ist vor allem zu Beginn des ersten Schuljahres eine stundenweise Begleitung der Klasse durch eine sozialp\u00e4dagogische Kraft hilfreich. Sie tr\u00e4gt dazu bei, individuelle Unterst\u00fctzung zu leisten und einen guten \u00dcbergang vom Kindergarten in die Schule zu schaffen.<\/li>\n<\/ul>\n<ul>\n<li><b>Unterrichtsbegleitende F\u00f6rderung im Einzelkontakt oder in der Kleingruppe<br><\/b>Neben dem Klassenunterricht bietet die sozialp\u00e4dagogische Fachkraft je nach Bedarf F\u00f6rderung in Kleingruppen an. Hierzu geh\u00f6rt beispielsweise:<\/li>\n<\/ul>\n<ul>\n<li><b>Lesef\u00f6rderung<br><\/b>Eine der Kernkompetenzen des Unterrichts ist der Erwerb der Lesef\u00e4higkeit und des sinnentnehmenden Lesens. Die sozialp\u00e4dagogische Fachkraft unterst\u00fctzt durch Vorlesen, gemeinsames Lesen und Lesespiele im Einzelkontakt oder Kleingruppen in geborgener Atmosph\u00e4re<\/li>\n<\/ul>\n<ul>\n<li><b>Mathematik in Bewegung<br><\/b>Der Einstieg in das schulische Rechnen ist verbunden mit dem Abstrahieren. Grundlage daf\u00fcr ist eine Vorstellung und ein Gef\u00fchl f\u00fcr den Zahlenraum. Die sozialp\u00e4dagogische Fachkraft bietet bei Bedarf eine mathematische F\u00f6rderung an, die mit Hilfe von Rhythmik, Bewegung und dem Gef\u00fchl f\u00fcr den eigenen K\u00f6rper das Gef\u00fchl f\u00fcr den Zahlenraum vermittelt.<\/li>\n<\/ul>\n<ul>\n<li><b>F\u00e4cher\u00fcbergreifende F\u00f6rderung (Arbeitsorganisation, F\u00f6rderung alltagspraktischer F\u00e4higkeiten)<br><\/b>Von besonderer Bedeutung sind zu Beginn der Schulzeit nicht nur die kognitiven, sondern auch die alltagspraktischen F\u00e4higkeiten, die das Schulleben erfordert. Hierzu geh\u00f6rt beispielsweise die Organisation des Arbeitsplatzes und des Schulmaterials. Eine f\u00e4cher\u00fcbergreifende F\u00f6rderung in diesem vermeintlich nebens\u00e4chlichen Bereich bringt h\u00e4ufig eine positive Entwicklung in den Kernf\u00e4chern mit sich.<\/li>\n<\/ul>\n<ul>\n<li><b>Marburger Konzentrationstraining<\/b><\/li>\n<li><b>Cooldown \/ der Wutnotfallkoffer<\/b><\/li>\n<li><b>Schuleingangsgespr\u00e4che<\/b><\/li>\n<li><b>Besuch der k\u00fcnftigen Erstkl\u00e4ssler im Kindergarten<\/b><\/li>\n<li><b>Schnuppervormittage, Einladungen der k\u00fcnftigen Erstkl\u00e4ssler in die Schule zum Kennenlernen des neuen Umfeldes, Angstabbau und Vorfreude wecken<\/b><\/li>\n<\/ul>\n<h3>Der Schwerpunkt des Einsatzes liegt im Teilstandort Merken<\/h3>\n<p>Kontakt: Birgit Dick<br>Telefon: 02424-88224<\/p>\t\t\t\t\t<\/div>\n\t\t\t\t\t\t<\/div>\n\t\t\t\t<\/div>\n\t\t\t\t\t\t<\/div>\n\t\t\t\t\t<\/div>\n\t\t<\/div>\n\t\t\t\t\t\t\t\t<\/div>\n\t\t\t\t\t<\/div>\n\t\t<\/section>\n\t\t\t\t<section class=\"elementor-section elementor-top-section elementor-element elementor-element-51c34ff elementor-section-boxed elementor-section-height-default elementor-section-height-default\" data-id=\"51c34ff\" data-element_type=\"section\" data-settings=\"{&quot;background_background&quot;:&quot;classic&quot;}\">\n\t\t\t\t\t\t<div class=\"elementor-container elementor-column-gap-default\">\n\t\t\t\t\t\t\t<div class=\"elementor-row\">\n\t\t\t\t\t<div class=\"elementor-column elementor-col-100 elementor-top-column elementor-element elementor-element-f38f95b\" data-id=\"f38f95b\" data-element_type=\"column\">\n\t\t\t<div class=\"elementor-column-wrap elementor-element-populated\">\n\t\t\t\t\t\t\t<div class=\"elementor-widget-wrap\">\n\t\t\t\t\t\t<div class=\"elementor-element elementor-element-271019f elementor-widget elementor-widget-heading\" data-id=\"271019f\" data-element_type=\"widget\" data-widget_type=\"heading.default\">\n\t\t\t\t<div class=\"elementor-widget-container\">\n\t\t\t<h2 class=\"elementor-heading-title elementor-size-default\">Unsere Schule<\/h2>\t\t<\/div>\n\t\t\t\t<\/div>\n\t\t\t\t<div class=\"elementor-element elementor-element-fd40141 sub-nav elementor-widget elementor-widget-wp-widget-nav_menu\" data-id=\"fd40141\" data-element_type=\"widget\" data-widget_type=\"wp-widget-nav_menu.default\">\n\t\t\t\t<div class=\"elementor-widget-container\">\n\t\t\t<nav class=\"menu-sub-menue-container\" aria-label=\"Men\u00fc\"><ul id=\"menu-sub-menue\" class=\"menu\"><li id=\"menu-item-70\" class=\"menu-item menu-item-type-post_type menu-item-object-page menu-item-70\"><a href=\"https:\/\/gsv-merken-hoven.de\/index.php\/wir-lebe-inklusion\/\" class=\"menu-link\">Wir leben Inklusion<\/a><\/li>\n<li id=\"menu-item-89\" class=\"menu-item menu-item-type-post_type menu-item-object-page menu-item-89\"><a href=\"https:\/\/gsv-merken-hoven.de\/index.php\/team\/\" class=\"menu-link\">Team<\/a><\/li>\n<li id=\"menu-item-90\" class=\"menu-item menu-item-type-post_type menu-item-object-page menu-item-90\"><a href=\"https:\/\/gsv-merken-hoven.de\/index.php\/ags\/\" class=\"menu-link\">AGs<\/a><\/li>\n<li id=\"menu-item-97\" class=\"menu-item menu-item-type-post_type menu-item-object-page menu-item-97\"><a href=\"https:\/\/gsv-merken-hoven.de\/index.php\/eltern-abc\/\" class=\"menu-link\">Eltern-ABC<\/a><\/li>\n<li id=\"menu-item-106\" class=\"menu-item menu-item-type-post_type menu-item-object-page menu-item-106\"><a href=\"https:\/\/gsv-merken-hoven.de\/index.php\/schulsozialarbeit\/\" class=\"menu-link\">Schulsozialarbeit<\/a><\/li>\n<li id=\"menu-item-107\" class=\"menu-item menu-item-type-post_type menu-item-object-page menu-item-107\"><a href=\"https:\/\/gsv-merken-hoven.de\/index.php\/foerderverein\/\" class=\"menu-link\">F\u00f6rderverein<\/a><\/li>\n<\/ul><\/nav>\t\t<\/div>\n\t\t\t\t<\/div>\n\t\t\t\t\t\t<\/div>\n\t\t\t\t\t<\/div>\n\t\t<\/div>\n\t\t\t\t\t\t\t\t<\/div>\n\t\t\t\t\t<\/div>\n\t\t<\/section>\n\t\t\t\t\t\t\t\t\t<\/div>\n\t\t\t<\/div>\n\t\t\t\t\t<\/div>\n\t\t","protected":false},"excerpt":{"rendered":"<p>Zur\u00fcck Weiter Unsere Schule Arbeitsfelder der Sozialp\u00e4dagogik in der Schuleingangsphase Sozialp\u00e4dagogik in der Schuleingangsphase Begleitung des Unterrichts im Klassenverband, TeamteachingBei jungen Schulkindern ist vor allem zu Beginn des ersten Schuljahres eine stundenweise Begleitung der Klasse durch eine sozialp\u00e4dagogische Kraft hilfreich. Sie tr\u00e4gt dazu bei, individuelle Unterst\u00fctzung zu leisten und einen guten \u00dcbergang vom Kindergarten in &hellip;<\/p>\n<p class=\"read-more\"> <a class=\"\" href=\"https:\/\/gsv-merken-hoven.de\/index.php\/schulsozialarbeit\/\"> <span class=\"screen-reader-text\">Schulsozialarbeit<\/span> Weiterlesen &raquo;<\/a><\/p>\n","protected":false},"author":1,"featured_media":0,"parent":0,"menu_order":0,"comment_status":"closed","ping_status":"closed","template":"","meta":{"footnotes":""},"class_list":["post-102","page","type-page","status-publish","hentry"],"_links":{"self":[{"href":"https:\/\/gsv-merken-hoven.de\/index.php\/wp-json\/wp\/v2\/pages\/102","targetHints":{"allow":["GET"]}}],"collection":[{"href":"https:\/\/gsv-merken-hoven.de\/index.php\/wp-json\/wp\/v2\/pages"}],"about":[{"href":"https:\/\/gsv-merken-hoven.de\/index.php\/wp-json\/wp\/v2\/types\/page"}],"author":[{"embeddable":true,"href":"https:\/\/gsv-merken-hoven.de\/index.php\/wp-json\/wp\/v2\/users\/1"}],"replies":[{"embeddable":true,"href":"https:\/\/gsv-merken-hoven.de\/index.php\/wp-json\/wp\/v2\/comments?post=102"}],"version-history":[{"count":15,"href":"https:\/\/gsv-merken-hoven.de\/index.php\/wp-json\/wp\/v2\/pages\/102\/revisions"}],"predecessor-version":[{"id":891,"href":"https:\/\/gsv-merken-hoven.de\/index.php\/wp-json\/wp\/v2\/pages\/102\/revisions\/891"}],"wp:attachment":[{"href":"https:\/\/gsv-merken-hoven.de\/index.php\/wp-json\/wp\/v2\/media?parent=102"}],"curies":[{"name":"wp","href":"https:\/\/api.w.org\/{rel}","templated":true}]}}